{"id":100,"date":"2021-10-22T07:21:11","date_gmt":"2021-10-22T07:21:11","guid":{"rendered":"https:\/\/lamazo.hu\/?page_id=100"},"modified":"2021-10-29T08:05:15","modified_gmt":"2021-10-29T08:05:15","slug":"szinesfem-hulladek","status":"publish","type":"page","link":"https:\/\/lamazo.hu\/index.php\/szinesfem-hulladek\/","title":{"rendered":"Sz\u00ednesf\u00e9m hullad\u00e9k"},"content":{"rendered":"\t\t<div data-elementor-type=\"wp-page\" data-elementor-id=\"100\" class=\"elementor elementor-100\" data-elementor-settings=\"[]\">\n\t\t\t\t\t\t\t<div class=\"elementor-section-wrap\">\n\t\t\t\t\t\t\t<section class=\"elementor-section elementor-top-section elementor-element elementor-element-239cf982 elementor-section-boxed elementor-section-height-default elementor-section-height-default\" data-id=\"239cf982\" data-element_type=\"section\" data-settings=\"{&quot;background_background&quot;:&quot;classic&quot;}\">\n\t\t\t\t\t\t\t<div class=\"elementor-background-overlay\"><\/div>\n\t\t\t\t\t\t\t<div class=\"elementor-container elementor-column-gap-default\">\n\t\t\t\t\t<div class=\"elementor-column elementor-col-100 elementor-top-column elementor-element elementor-element-479f4e0e\" data-id=\"479f4e0e\" data-element_type=\"column\" data-settings=\"{&quot;background_background&quot;:&quot;classic&quot;}\">\n\t\t\t<div class=\"elementor-widget-wrap elementor-element-populated\">\n\t\t\t\t\t\t\t\t<div class=\"elementor-element elementor-element-73a69979 elementor-widget elementor-widget-heading\" data-id=\"73a69979\" data-element_type=\"widget\" data-widget_type=\"heading.default\">\n\t\t\t\t<div class=\"elementor-widget-container\">\n\t\t\t<h1 class=\"elementor-heading-title elementor-size-default\">Sz\u00ednesf\u00e9m hullad\u00e9k<\/h1>\t\t<\/div>\n\t\t\t\t<\/div>\n\t\t\t\t\t<\/div>\n\t\t<\/div>\n\t\t\t\t\t\t\t<\/div>\n\t\t<\/section>\n\t\t\t\t<section class=\"elementor-section elementor-top-section elementor-element elementor-element-3eb32940 elementor-section-full_width elementor-section-height-default elementor-section-height-default\" data-id=\"3eb32940\" data-element_type=\"section\">\n\t\t\t\t\t\t<div class=\"elementor-container elementor-column-gap-no\">\n\t\t\t\t\t<div class=\"elementor-column elementor-col-100 elementor-top-column elementor-element elementor-element-17f1b91d\" data-id=\"17f1b91d\" data-element_type=\"column\">\n\t\t\t<div class=\"elementor-widget-wrap elementor-element-populated\">\n\t\t\t\t\t\t\t\t<div class=\"elementor-element elementor-element-5dc1fc9 elementor-widget elementor-widget-spacer\" data-id=\"5dc1fc9\" data-element_type=\"widget\" data-widget_type=\"spacer.default\">\n\t\t\t\t<div class=\"elementor-widget-container\">\n\t\t\t\t\t<div class=\"elementor-spacer\">\n\t\t\t<div class=\"elementor-spacer-inner\"><\/div>\n\t\t<\/div>\n\t\t\t\t<\/div>\n\t\t\t\t<\/div>\n\t\t\t\t\t<\/div>\n\t\t<\/div>\n\t\t\t\t\t\t\t<\/div>\n\t\t<\/section>\n\t\t\t\t<section class=\"elementor-section elementor-top-section elementor-element elementor-element-3bc08d35 elementor-section-boxed elementor-section-height-default elementor-section-height-default\" data-id=\"3bc08d35\" data-element_type=\"section\" data-settings=\"{&quot;background_background&quot;:&quot;classic&quot;}\">\n\t\t\t\t\t\t\t<div class=\"elementor-background-overlay\"><\/div>\n\t\t\t\t\t\t\t<div class=\"elementor-container elementor-column-gap-no\">\n\t\t\t\t\t<div class=\"elementor-column elementor-col-100 elementor-top-column elementor-element elementor-element-39c085d5\" data-id=\"39c085d5\" data-element_type=\"column\">\n\t\t\t<div class=\"elementor-widget-wrap elementor-element-populated\">\n\t\t\t\t\t\t\t\t<section class=\"elementor-section elementor-inner-section elementor-element elementor-element-5809c1a7 elementor-section-boxed elementor-section-height-default elementor-section-height-default\" data-id=\"5809c1a7\" data-element_type=\"section\">\n\t\t\t\t\t\t<div class=\"elementor-container elementor-column-gap-default\">\n\t\t\t\t\t<div class=\"elementor-column elementor-col-50 elementor-inner-column elementor-element elementor-element-5424feab\" data-id=\"5424feab\" data-element_type=\"column\">\n\t\t\t<div class=\"elementor-widget-wrap elementor-element-populated\">\n\t\t\t\t\t\t\t\t<div class=\"elementor-element elementor-element-2592291b elementor-widget elementor-widget-text-editor\" data-id=\"2592291b\" data-element_type=\"widget\" data-widget_type=\"text-editor.default\">\n\t\t\t\t<div class=\"elementor-widget-container\">\n\t\t\t\t\t\t\t<p>Sz\u00ednesf\u00e9m hullad\u00e9kokat a s\u0171r\u0171ss\u00e9g\u00fck alapj\u00e1n k\u00fcl\u00f6nb\u00f6ztetj\u00fck meg, a \u201enemvasf\u00e9mek\u201d k\u00f6z\u00fcl a 4,5 kg\/dm\u00b3-n\u00e9l nagyobb s\u0171r\u0171s\u00e9g\u0171 f\u00e9mek pl: a r\u00e9z, a nikkel, az \u00f3lom \u00e9s a cink. Enn\u00e9l kisebb s\u0171r\u0171s\u00e9g\u0171 f\u00e9mek pl: alum\u00ednium, magn\u00e9zium, tit\u00e1n.<\/p><p>Ezek \u00e1tv\u00e9tele nagyobb pontoss\u00e1g\u00fa m\u00e9rlegen t\u00f6rt\u00e9nik, min\u0151s\u00edt\u00e9se nagy szak\u00e9rtelmet ig\u00e9nyel, gy\u0171jt\u0151l\u00e1d\u00e1kban csoportos\u00edtva gy\u0171jtj\u00fck.<\/p><p>Ig\u00e9ny eset\u00e9n kont\u00e9nerek kihelyez\u00e9s\u00e9t biztos\u00edtjuk partnereinknek.<\/p><p>\u00c9getett r\u00e9z hullad\u00e9kot nem \u00e1ll m\u00f3dunkban \u00e1tvenni.<\/p>\t\t\t\t\t\t<\/div>\n\t\t\t\t<\/div>\n\t\t\t\t\t<\/div>\n\t\t<\/div>\n\t\t\t\t<div class=\"elementor-column elementor-col-50 elementor-inner-column elementor-element elementor-element-39e8992e\" data-id=\"39e8992e\" data-element_type=\"column\">\n\t\t\t<div class=\"elementor-widget-wrap elementor-element-populated\">\n\t\t\t\t\t\t\t\t<div class=\"elementor-element elementor-element-9c65377 elementor-widget elementor-widget-image\" data-id=\"9c65377\" data-element_type=\"widget\" data-widget_type=\"image.default\">\n\t\t\t\t<div class=\"elementor-widget-container\">\n\t\t\t\t\t\t\t\t\t\t\t\t\t\t\t<img loading=\"lazy\" decoding=\"async\" width=\"1024\" height=\"683\" src=\"https:\/\/lamazo.hu\/wp-content\/uploads\/2021\/10\/heap-of-metal-scrap-at-junkyard-against-blue-sky-2021-08-28-23-56-39-utc-1024x683.jpg\" class=\"attachment-large size-large\" alt=\"\" srcset=\"https:\/\/lamazo.hu\/wp-content\/uploads\/2021\/10\/heap-of-metal-scrap-at-junkyard-against-blue-sky-2021-08-28-23-56-39-utc-1024x683.jpg 1024w, https:\/\/lamazo.hu\/wp-content\/uploads\/2021\/10\/heap-of-metal-scrap-at-junkyard-against-blue-sky-2021-08-28-23-56-39-utc-scaled-600x400.jpg 600w, https:\/\/lamazo.hu\/wp-content\/uploads\/2021\/10\/heap-of-metal-scrap-at-junkyard-against-blue-sky-2021-08-28-23-56-39-utc-300x200.jpg 300w, https:\/\/lamazo.hu\/wp-content\/uploads\/2021\/10\/heap-of-metal-scrap-at-junkyard-against-blue-sky-2021-08-28-23-56-39-utc-768x512.jpg 768w, https:\/\/lamazo.hu\/wp-content\/uploads\/2021\/10\/heap-of-metal-scrap-at-junkyard-against-blue-sky-2021-08-28-23-56-39-utc-1536x1024.jpg 1536w, https:\/\/lamazo.hu\/wp-content\/uploads\/2021\/10\/heap-of-metal-scrap-at-junkyard-against-blue-sky-2021-08-28-23-56-39-utc-2048x1365.jpg 2048w\" sizes=\"auto, (max-width: 1024px) 100vw, 1024px\" \/>\t\t\t\t\t\t\t\t\t\t\t\t\t\t\t<\/div>\n\t\t\t\t<\/div>\n\t\t\t\t\t<\/div>\n\t\t<\/div>\n\t\t\t\t\t\t\t<\/div>\n\t\t<\/section>\n\t\t\t\t\t<\/div>\n\t\t<\/div>\n\t\t\t\t\t\t\t<\/div>\n\t\t<\/section>\n\t\t\t\t\t\t<\/div>\n\t\t\t\t\t<\/div>\n\t\t","protected":false},"excerpt":{"rendered":"<p>Sz\u00ednesf\u00e9m hullad\u00e9k Sz\u00ednesf\u00e9m hullad\u00e9kokat a s\u0171r\u0171ss\u00e9g\u00fck alapj\u00e1n k\u00fcl\u00f6nb\u00f6ztetj\u00fck meg, a \u201enemvasf\u00e9mek\u201d k\u00f6z\u00fcl a 4,5 kg\/dm\u00b3-n\u00e9l nagyobb s\u0171r\u0171s\u00e9g\u0171 f\u00e9mek pl: a r\u00e9z, a nikkel, az \u00f3lom \u00e9s a cink. Enn\u00e9l kisebb s\u0171r\u0171s\u00e9g\u0171 f\u00e9mek pl: alum\u00ednium, magn\u00e9zium, tit\u00e1n. Ezek \u00e1tv\u00e9tele nagyobb pontoss\u00e1g\u00fa m\u00e9rlegen t\u00f6rt\u00e9nik, min\u0151s\u00edt\u00e9se nagy szak\u00e9rtelmet ig\u00e9nyel, gy\u0171jt\u0151l\u00e1d\u00e1kban csoportos\u00edtva gy\u0171jtj\u00fck. Ig\u00e9ny eset\u00e9n kont\u00e9nerek kihelyez\u00e9s\u00e9t biztos\u00edtjuk partnereinknek. [&hellip;]<\/p>\n","protected":false},"author":1,"featured_media":0,"parent":0,"menu_order":0,"comment_status":"closed","ping_status":"closed","template":"elementor_header_footer","meta":{"footnotes":""},"class_list":["post-100","page","type-page","status-publish","hentry","entry","owp-thumbs-layout-horizontal","owp-btn-normal","owp-tabs-layout-horizontal","has-no-thumbnails","has-product-nav"],"_links":{"self":[{"href":"https:\/\/lamazo.hu\/index.php\/wp-json\/wp\/v2\/pages\/100","targetHints":{"allow":["GET"]}}],"collection":[{"href":"https:\/\/lamazo.hu\/index.php\/wp-json\/wp\/v2\/pages"}],"about":[{"href":"https:\/\/lamazo.hu\/index.php\/wp-json\/wp\/v2\/types\/page"}],"author":[{"embeddable":true,"href":"https:\/\/lamazo.hu\/index.php\/wp-json\/wp\/v2\/users\/1"}],"replies":[{"embeddable":true,"href":"https:\/\/lamazo.hu\/index.php\/wp-json\/wp\/v2\/comments?post=100"}],"version-history":[{"count":7,"href":"https:\/\/lamazo.hu\/index.php\/wp-json\/wp\/v2\/pages\/100\/revisions"}],"predecessor-version":[{"id":230,"href":"https:\/\/lamazo.hu\/index.php\/wp-json\/wp\/v2\/pages\/100\/revisions\/230"}],"wp:attachment":[{"href":"https:\/\/lamazo.hu\/index.php\/wp-json\/wp\/v2\/media?parent=100"}],"curies":[{"name":"wp","href":"https:\/\/api.w.org\/{rel}","templated":true}]}}