{"id":107,"date":"2021-10-22T07:25:42","date_gmt":"2021-10-22T07:25:42","guid":{"rendered":"https:\/\/lamazo.hu\/?page_id=107"},"modified":"2021-10-22T07:31:05","modified_gmt":"2021-10-22T07:31:05","slug":"veszelyes-hulladek","status":"publish","type":"page","link":"https:\/\/lamazo.hu\/index.php\/veszelyes-hulladek\/","title":{"rendered":"Vesz\u00e9lyes hullad\u00e9k"},"content":{"rendered":"\t\t<div data-elementor-type=\"wp-page\" data-elementor-id=\"107\" class=\"elementor elementor-107\" data-elementor-settings=\"[]\">\n\t\t\t\t\t\t\t<div class=\"elementor-section-wrap\">\n\t\t\t\t\t\t\t<section class=\"elementor-section elementor-top-section elementor-element elementor-element-29800279 elementor-section-boxed elementor-section-height-default elementor-section-height-default\" data-id=\"29800279\" data-element_type=\"section\" data-settings=\"{&quot;background_background&quot;:&quot;classic&quot;}\">\n\t\t\t\t\t\t\t<div class=\"elementor-background-overlay\"><\/div>\n\t\t\t\t\t\t\t<div class=\"elementor-container elementor-column-gap-default\">\n\t\t\t\t\t<div class=\"elementor-column elementor-col-100 elementor-top-column elementor-element elementor-element-2686629e\" data-id=\"2686629e\" data-element_type=\"column\" data-settings=\"{&quot;background_background&quot;:&quot;classic&quot;}\">\n\t\t\t<div class=\"elementor-widget-wrap elementor-element-populated\">\n\t\t\t\t\t\t\t\t<div class=\"elementor-element elementor-element-3f54d9b elementor-widget elementor-widget-heading\" data-id=\"3f54d9b\" data-element_type=\"widget\" data-widget_type=\"heading.default\">\n\t\t\t\t<div class=\"elementor-widget-container\">\n\t\t\t<h1 class=\"elementor-heading-title elementor-size-default\">Vesz\u00e9lyes hullad\u00e9k\n<\/h1>\t\t<\/div>\n\t\t\t\t<\/div>\n\t\t\t\t\t<\/div>\n\t\t<\/div>\n\t\t\t\t\t\t\t<\/div>\n\t\t<\/section>\n\t\t\t\t<section class=\"elementor-section elementor-top-section elementor-element elementor-element-20cc757b elementor-section-full_width elementor-section-height-default elementor-section-height-default\" data-id=\"20cc757b\" data-element_type=\"section\">\n\t\t\t\t\t\t<div class=\"elementor-container elementor-column-gap-no\">\n\t\t\t\t\t<div class=\"elementor-column elementor-col-100 elementor-top-column elementor-element elementor-element-2e46b46\" data-id=\"2e46b46\" data-element_type=\"column\">\n\t\t\t<div class=\"elementor-widget-wrap elementor-element-populated\">\n\t\t\t\t\t\t\t\t<div class=\"elementor-element elementor-element-3141e4ca elementor-widget elementor-widget-spacer\" data-id=\"3141e4ca\" data-element_type=\"widget\" data-widget_type=\"spacer.default\">\n\t\t\t\t<div class=\"elementor-widget-container\">\n\t\t\t\t\t<div class=\"elementor-spacer\">\n\t\t\t<div class=\"elementor-spacer-inner\"><\/div>\n\t\t<\/div>\n\t\t\t\t<\/div>\n\t\t\t\t<\/div>\n\t\t\t\t\t<\/div>\n\t\t<\/div>\n\t\t\t\t\t\t\t<\/div>\n\t\t<\/section>\n\t\t\t\t<section class=\"elementor-section elementor-top-section elementor-element elementor-element-795c1f7 elementor-section-boxed elementor-section-height-default elementor-section-height-default\" data-id=\"795c1f7\" data-element_type=\"section\" data-settings=\"{&quot;background_background&quot;:&quot;classic&quot;}\">\n\t\t\t\t\t\t\t<div class=\"elementor-background-overlay\"><\/div>\n\t\t\t\t\t\t\t<div class=\"elementor-container elementor-column-gap-no\">\n\t\t\t\t\t<div class=\"elementor-column elementor-col-100 elementor-top-column elementor-element elementor-element-1492b5e7\" data-id=\"1492b5e7\" data-element_type=\"column\">\n\t\t\t<div class=\"elementor-widget-wrap elementor-element-populated\">\n\t\t\t\t\t\t\t\t<section class=\"elementor-section elementor-inner-section elementor-element elementor-element-1b1f8ecf elementor-section-boxed elementor-section-height-default elementor-section-height-default\" data-id=\"1b1f8ecf\" data-element_type=\"section\">\n\t\t\t\t\t\t<div class=\"elementor-container elementor-column-gap-default\">\n\t\t\t\t\t<div class=\"elementor-column elementor-col-50 elementor-inner-column elementor-element elementor-element-2657c696\" data-id=\"2657c696\" data-element_type=\"column\">\n\t\t\t<div class=\"elementor-widget-wrap elementor-element-populated\">\n\t\t\t\t\t\t\t\t<div class=\"elementor-element elementor-element-76f9d55 elementor-widget elementor-widget-text-editor\" data-id=\"76f9d55\" data-element_type=\"widget\" data-widget_type=\"text-editor.default\">\n\t\t\t\t<div class=\"elementor-widget-container\">\n\t\t\t\t\t\t\t<p>C\u00e9g\u00fcnk vesz\u00e9lyes hullad\u00e9kok felv\u00e1s\u00e1rl\u00e1s\u00e1val, kezel\u00e9s\u00e9vel \u00e9s elsz\u00e1ll\u00edt\u00e1s\u00e1val is foglalkozik:<\/p><ul><li>\u00f3lom akkumul\u00e1tor<\/li><li>h\u0171t\u0151szekr\u00e9ny<\/li><\/ul><p>\u00a0<\/p><p>Vesz\u00e9lyes hullad\u00e9knak nevezz\u00fck azt az anyagot, mely eredete, koncentr\u00e1ci\u00f3ja miatt az eg\u00e9szs\u00e9gre \u00e9s a k\u00f6rnyezetre vesz\u00e9lyt, kock\u00e1zatot jelent.<\/p><p>225\/2015. (VIII. 7.) Korm.rendelet szab\u00e1lyozza.<\/p>\t\t\t\t\t\t<\/div>\n\t\t\t\t<\/div>\n\t\t\t\t\t<\/div>\n\t\t<\/div>\n\t\t\t\t<div class=\"elementor-column elementor-col-50 elementor-inner-column elementor-element elementor-element-2f1bad8c\" data-id=\"2f1bad8c\" data-element_type=\"column\">\n\t\t\t<div class=\"elementor-widget-wrap elementor-element-populated\">\n\t\t\t\t\t\t\t\t<div class=\"elementor-element elementor-element-fcddb8a elementor-widget elementor-widget-image\" data-id=\"fcddb8a\" data-element_type=\"widget\" data-widget_type=\"image.default\">\n\t\t\t\t<div class=\"elementor-widget-container\">\n\t\t\t\t\t\t\t\t\t\t\t\t\t\t\t<img loading=\"lazy\" decoding=\"async\" width=\"1024\" height=\"683\" src=\"https:\/\/lamazo.hu\/wp-content\/uploads\/2021\/10\/workers-on-waste-processing-plant-2021-09-24-03-52-08-utc-1024x683.jpg\" class=\"attachment-large size-large\" alt=\"\" srcset=\"https:\/\/lamazo.hu\/wp-content\/uploads\/2021\/10\/workers-on-waste-processing-plant-2021-09-24-03-52-08-utc-1024x683.jpg 1024w, https:\/\/lamazo.hu\/wp-content\/uploads\/2021\/10\/workers-on-waste-processing-plant-2021-09-24-03-52-08-utc-scaled-600x401.jpg 600w, https:\/\/lamazo.hu\/wp-content\/uploads\/2021\/10\/workers-on-waste-processing-plant-2021-09-24-03-52-08-utc-300x200.jpg 300w, https:\/\/lamazo.hu\/wp-content\/uploads\/2021\/10\/workers-on-waste-processing-plant-2021-09-24-03-52-08-utc-768x513.jpg 768w, https:\/\/lamazo.hu\/wp-content\/uploads\/2021\/10\/workers-on-waste-processing-plant-2021-09-24-03-52-08-utc-1536x1025.jpg 1536w, https:\/\/lamazo.hu\/wp-content\/uploads\/2021\/10\/workers-on-waste-processing-plant-2021-09-24-03-52-08-utc-2048x1367.jpg 2048w\" sizes=\"auto, (max-width: 1024px) 100vw, 1024px\" \/>\t\t\t\t\t\t\t\t\t\t\t\t\t\t\t<\/div>\n\t\t\t\t<\/div>\n\t\t\t\t\t<\/div>\n\t\t<\/div>\n\t\t\t\t\t\t\t<\/div>\n\t\t<\/section>\n\t\t\t\t\t<\/div>\n\t\t<\/div>\n\t\t\t\t\t\t\t<\/div>\n\t\t<\/section>\n\t\t\t\t\t\t<\/div>\n\t\t\t\t\t<\/div>\n\t\t","protected":false},"excerpt":{"rendered":"<p>Vesz\u00e9lyes hullad\u00e9k C\u00e9g\u00fcnk vesz\u00e9lyes hullad\u00e9kok felv\u00e1s\u00e1rl\u00e1s\u00e1val, kezel\u00e9s\u00e9vel \u00e9s elsz\u00e1ll\u00edt\u00e1s\u00e1val is foglalkozik: \u00f3lom akkumul\u00e1tor h\u0171t\u0151szekr\u00e9ny \u00a0 Vesz\u00e9lyes hullad\u00e9knak nevezz\u00fck azt az anyagot, mely eredete, koncentr\u00e1ci\u00f3ja miatt az eg\u00e9szs\u00e9gre \u00e9s a k\u00f6rnyezetre vesz\u00e9lyt, kock\u00e1zatot jelent. 225\/2015. (VIII. 7.) Korm.rendelet szab\u00e1lyozza.<\/p>\n","protected":false},"author":1,"featured_media":0,"parent":0,"menu_order":0,"comment_status":"closed","ping_status":"closed","template":"elementor_header_footer","meta":{"footnotes":""},"class_list":["post-107","page","type-page","status-publish","hentry","entry","owp-thumbs-layout-horizontal","owp-btn-normal","owp-tabs-layout-horizontal","has-no-thumbnails","has-product-nav"],"_links":{"self":[{"href":"https:\/\/lamazo.hu\/index.php\/wp-json\/wp\/v2\/pages\/107","targetHints":{"allow":["GET"]}}],"collection":[{"href":"https:\/\/lamazo.hu\/index.php\/wp-json\/wp\/v2\/pages"}],"about":[{"href":"https:\/\/lamazo.hu\/index.php\/wp-json\/wp\/v2\/types\/page"}],"author":[{"embeddable":true,"href":"https:\/\/lamazo.hu\/index.php\/wp-json\/wp\/v2\/users\/1"}],"replies":[{"embeddable":true,"href":"https:\/\/lamazo.hu\/index.php\/wp-json\/wp\/v2\/comments?post=107"}],"version-history":[{"count":4,"href":"https:\/\/lamazo.hu\/index.php\/wp-json\/wp\/v2\/pages\/107\/revisions"}],"predecessor-version":[{"id":114,"href":"https:\/\/lamazo.hu\/index.php\/wp-json\/wp\/v2\/pages\/107\/revisions\/114"}],"wp:attachment":[{"href":"https:\/\/lamazo.hu\/index.php\/wp-json\/wp\/v2\/media?parent=107"}],"curies":[{"name":"wp","href":"https:\/\/api.w.org\/{rel}","templated":true}]}}