{"id":115,"date":"2021-10-22T07:34:12","date_gmt":"2021-10-22T07:34:12","guid":{"rendered":"https:\/\/lamazo.hu\/?page_id=115"},"modified":"2021-10-22T07:37:35","modified_gmt":"2021-10-22T07:37:35","slug":"elektronikai-hulladek","status":"publish","type":"page","link":"https:\/\/lamazo.hu\/index.php\/elektronikai-hulladek\/","title":{"rendered":"Elektronikai hullad\u00e9k"},"content":{"rendered":"\t\t<div data-elementor-type=\"wp-page\" data-elementor-id=\"115\" class=\"elementor elementor-115\" data-elementor-settings=\"[]\">\n\t\t\t\t\t\t\t<div class=\"elementor-section-wrap\">\n\t\t\t\t\t\t\t<section class=\"elementor-section elementor-top-section elementor-element elementor-element-547c5b9 elementor-section-boxed elementor-section-height-default elementor-section-height-default\" data-id=\"547c5b9\" data-element_type=\"section\" data-settings=\"{&quot;background_background&quot;:&quot;classic&quot;}\">\n\t\t\t\t\t\t\t<div class=\"elementor-background-overlay\"><\/div>\n\t\t\t\t\t\t\t<div class=\"elementor-container elementor-column-gap-default\">\n\t\t\t\t\t<div class=\"elementor-column elementor-col-100 elementor-top-column elementor-element elementor-element-70ca8d12\" data-id=\"70ca8d12\" data-element_type=\"column\" data-settings=\"{&quot;background_background&quot;:&quot;classic&quot;}\">\n\t\t\t<div class=\"elementor-widget-wrap elementor-element-populated\">\n\t\t\t\t\t\t\t\t<div class=\"elementor-element elementor-element-60a9f766 elementor-widget elementor-widget-heading\" data-id=\"60a9f766\" data-element_type=\"widget\" data-widget_type=\"heading.default\">\n\t\t\t\t<div class=\"elementor-widget-container\">\n\t\t\t<h1 class=\"elementor-heading-title elementor-size-default\">Elektronikai hullad\u00e9k\n<\/h1>\t\t<\/div>\n\t\t\t\t<\/div>\n\t\t\t\t\t<\/div>\n\t\t<\/div>\n\t\t\t\t\t\t\t<\/div>\n\t\t<\/section>\n\t\t\t\t<section class=\"elementor-section elementor-top-section elementor-element elementor-element-2b66854a elementor-section-full_width elementor-section-height-default elementor-section-height-default\" data-id=\"2b66854a\" data-element_type=\"section\">\n\t\t\t\t\t\t<div class=\"elementor-container elementor-column-gap-no\">\n\t\t\t\t\t<div class=\"elementor-column elementor-col-100 elementor-top-column elementor-element elementor-element-53eaac49\" data-id=\"53eaac49\" data-element_type=\"column\">\n\t\t\t<div class=\"elementor-widget-wrap elementor-element-populated\">\n\t\t\t\t\t\t\t\t<div class=\"elementor-element elementor-element-3ddc2a53 elementor-widget elementor-widget-spacer\" data-id=\"3ddc2a53\" data-element_type=\"widget\" data-widget_type=\"spacer.default\">\n\t\t\t\t<div class=\"elementor-widget-container\">\n\t\t\t\t\t<div class=\"elementor-spacer\">\n\t\t\t<div class=\"elementor-spacer-inner\"><\/div>\n\t\t<\/div>\n\t\t\t\t<\/div>\n\t\t\t\t<\/div>\n\t\t\t\t\t<\/div>\n\t\t<\/div>\n\t\t\t\t\t\t\t<\/div>\n\t\t<\/section>\n\t\t\t\t<section class=\"elementor-section elementor-top-section elementor-element elementor-element-35867b3d elementor-section-boxed elementor-section-height-default elementor-section-height-default\" data-id=\"35867b3d\" data-element_type=\"section\" data-settings=\"{&quot;background_background&quot;:&quot;classic&quot;}\">\n\t\t\t\t\t\t\t<div class=\"elementor-background-overlay\"><\/div>\n\t\t\t\t\t\t\t<div class=\"elementor-container elementor-column-gap-no\">\n\t\t\t\t\t<div class=\"elementor-column elementor-col-100 elementor-top-column elementor-element elementor-element-692f44ee\" data-id=\"692f44ee\" data-element_type=\"column\">\n\t\t\t<div class=\"elementor-widget-wrap elementor-element-populated\">\n\t\t\t\t\t\t\t\t<section class=\"elementor-section elementor-inner-section elementor-element elementor-element-65703e88 elementor-section-boxed elementor-section-height-default elementor-section-height-default\" data-id=\"65703e88\" data-element_type=\"section\">\n\t\t\t\t\t\t<div class=\"elementor-container elementor-column-gap-default\">\n\t\t\t\t\t<div class=\"elementor-column elementor-col-50 elementor-inner-column elementor-element elementor-element-6ac8d7d5\" data-id=\"6ac8d7d5\" data-element_type=\"column\">\n\t\t\t<div class=\"elementor-widget-wrap elementor-element-populated\">\n\t\t\t\t\t\t\t\t<div class=\"elementor-element elementor-element-5ef5feb0 elementor-widget elementor-widget-text-editor\" data-id=\"5ef5feb0\" data-element_type=\"widget\" data-widget_type=\"text-editor.default\">\n\t\t\t\t<div class=\"elementor-widget-container\">\n\t\t\t\t\t\t\t<p>C\u00e9g\u00fcnk elektronikai hullad\u00e9kok begy\u0171jt\u00e9s\u00e9t is v\u00e9gzi mind lakoss\u00e1gt\u00f3l, mind k\u00f6z\u00fcleti partnerekt\u0151l.<\/p><p>Elektronikai hullad\u00e9kokk\u00e9nt a k\u00f6vetkez\u0151 t\u00edpusokat k\u00fcl\u00f6nb\u00f6ztet\u00fcnk meg:<\/p><ul><li>komplett sz\u00e1m\u00edt\u00f3g\u00e9pek\/r\u00e9szegys\u00e9gei<\/li><li>bark\u00e1csg\u00e9pek<\/li><li>h\u00e1ztart\u00e1si kis- \u00e9s nagyberendez\u00e9sek<\/li><li>k\u00e1belhullad\u00e9k<\/li><li>ipari g\u00e9pek, vez\u00e9rl\u0151egys\u00e9gek<\/li><\/ul>\t\t\t\t\t\t<\/div>\n\t\t\t\t<\/div>\n\t\t\t\t\t<\/div>\n\t\t<\/div>\n\t\t\t\t<div class=\"elementor-column elementor-col-50 elementor-inner-column elementor-element elementor-element-5a737da7\" data-id=\"5a737da7\" data-element_type=\"column\">\n\t\t\t<div class=\"elementor-widget-wrap elementor-element-populated\">\n\t\t\t\t\t\t\t\t<div class=\"elementor-element elementor-element-a2c4021 elementor-widget elementor-widget-image\" data-id=\"a2c4021\" data-element_type=\"widget\" data-widget_type=\"image.default\">\n\t\t\t\t<div class=\"elementor-widget-container\">\n\t\t\t\t\t\t\t\t\t\t\t\t\t\t\t<img loading=\"lazy\" decoding=\"async\" width=\"1024\" height=\"683\" src=\"https:\/\/lamazo.hu\/wp-content\/uploads\/2021\/10\/closeup-small-microcircuits-lie-next-to-each-other-2021-08-27-23-18-04-utc-1024x683.jpg\" class=\"attachment-large size-large\" alt=\"\" srcset=\"https:\/\/lamazo.hu\/wp-content\/uploads\/2021\/10\/closeup-small-microcircuits-lie-next-to-each-other-2021-08-27-23-18-04-utc-1024x683.jpg 1024w, https:\/\/lamazo.hu\/wp-content\/uploads\/2021\/10\/closeup-small-microcircuits-lie-next-to-each-other-2021-08-27-23-18-04-utc-scaled-600x400.jpg 600w, https:\/\/lamazo.hu\/wp-content\/uploads\/2021\/10\/closeup-small-microcircuits-lie-next-to-each-other-2021-08-27-23-18-04-utc-300x200.jpg 300w, https:\/\/lamazo.hu\/wp-content\/uploads\/2021\/10\/closeup-small-microcircuits-lie-next-to-each-other-2021-08-27-23-18-04-utc-768x512.jpg 768w, https:\/\/lamazo.hu\/wp-content\/uploads\/2021\/10\/closeup-small-microcircuits-lie-next-to-each-other-2021-08-27-23-18-04-utc-1536x1024.jpg 1536w, https:\/\/lamazo.hu\/wp-content\/uploads\/2021\/10\/closeup-small-microcircuits-lie-next-to-each-other-2021-08-27-23-18-04-utc-2048x1365.jpg 2048w\" sizes=\"auto, (max-width: 1024px) 100vw, 1024px\" \/>\t\t\t\t\t\t\t\t\t\t\t\t\t\t\t<\/div>\n\t\t\t\t<\/div>\n\t\t\t\t\t<\/div>\n\t\t<\/div>\n\t\t\t\t\t\t\t<\/div>\n\t\t<\/section>\n\t\t\t\t\t<\/div>\n\t\t<\/div>\n\t\t\t\t\t\t\t<\/div>\n\t\t<\/section>\n\t\t\t\t\t\t<\/div>\n\t\t\t\t\t<\/div>\n\t\t","protected":false},"excerpt":{"rendered":"<p>Elektronikai hullad\u00e9k C\u00e9g\u00fcnk elektronikai hullad\u00e9kok begy\u0171jt\u00e9s\u00e9t is v\u00e9gzi mind lakoss\u00e1gt\u00f3l, mind k\u00f6z\u00fcleti partnerekt\u0151l. Elektronikai hullad\u00e9kokk\u00e9nt a k\u00f6vetkez\u0151 t\u00edpusokat k\u00fcl\u00f6nb\u00f6ztet\u00fcnk meg: komplett sz\u00e1m\u00edt\u00f3g\u00e9pek\/r\u00e9szegys\u00e9gei bark\u00e1csg\u00e9pek h\u00e1ztart\u00e1si kis- \u00e9s nagyberendez\u00e9sek k\u00e1belhullad\u00e9k ipari g\u00e9pek, vez\u00e9rl\u0151egys\u00e9gek<\/p>\n","protected":false},"author":1,"featured_media":0,"parent":0,"menu_order":0,"comment_status":"closed","ping_status":"closed","template":"elementor_header_footer","meta":{"footnotes":""},"class_list":["post-115","page","type-page","status-publish","hentry","entry","owp-thumbs-layout-horizontal","owp-btn-normal","owp-tabs-layout-horizontal","has-no-thumbnails","has-product-nav"],"_links":{"self":[{"href":"https:\/\/lamazo.hu\/index.php\/wp-json\/wp\/v2\/pages\/115","targetHints":{"allow":["GET"]}}],"collection":[{"href":"https:\/\/lamazo.hu\/index.php\/wp-json\/wp\/v2\/pages"}],"about":[{"href":"https:\/\/lamazo.hu\/index.php\/wp-json\/wp\/v2\/types\/page"}],"author":[{"embeddable":true,"href":"https:\/\/lamazo.hu\/index.php\/wp-json\/wp\/v2\/users\/1"}],"replies":[{"embeddable":true,"href":"https:\/\/lamazo.hu\/index.php\/wp-json\/wp\/v2\/comments?post=115"}],"version-history":[{"count":4,"href":"https:\/\/lamazo.hu\/index.php\/wp-json\/wp\/v2\/pages\/115\/revisions"}],"predecessor-version":[{"id":122,"href":"https:\/\/lamazo.hu\/index.php\/wp-json\/wp\/v2\/pages\/115\/revisions\/122"}],"wp:attachment":[{"href":"https:\/\/lamazo.hu\/index.php\/wp-json\/wp\/v2\/media?parent=115"}],"curies":[{"name":"wp","href":"https:\/\/api.w.org\/{rel}","templated":true}]}}