{"id":123,"date":"2021-10-22T07:38:04","date_gmt":"2021-10-22T07:38:04","guid":{"rendered":"https:\/\/lamazo.hu\/?page_id=123"},"modified":"2021-11-09T11:42:19","modified_gmt":"2021-11-09T11:42:19","slug":"a-femhulladek-atvetelrol","status":"publish","type":"page","link":"https:\/\/lamazo.hu\/index.php\/a-femhulladek-atvetelrol\/","title":{"rendered":"Hullad\u00e9k \u00e1tv\u00e9tel felt\u00e9telei"},"content":{"rendered":"\t\t<div data-elementor-type=\"wp-page\" data-elementor-id=\"123\" class=\"elementor elementor-123\" data-elementor-settings=\"[]\">\n\t\t\t\t\t\t\t<div class=\"elementor-section-wrap\">\n\t\t\t\t\t\t\t<section class=\"elementor-section elementor-top-section elementor-element elementor-element-63e2e378 elementor-section-boxed elementor-section-height-default elementor-section-height-default\" data-id=\"63e2e378\" data-element_type=\"section\" data-settings=\"{&quot;background_background&quot;:&quot;classic&quot;}\">\n\t\t\t\t\t\t\t<div class=\"elementor-background-overlay\"><\/div>\n\t\t\t\t\t\t\t<div class=\"elementor-container elementor-column-gap-default\">\n\t\t\t\t\t<div class=\"elementor-column elementor-col-100 elementor-top-column elementor-element elementor-element-c57a9a1\" data-id=\"c57a9a1\" data-element_type=\"column\" data-settings=\"{&quot;background_background&quot;:&quot;classic&quot;}\">\n\t\t\t<div class=\"elementor-widget-wrap elementor-element-populated\">\n\t\t\t\t\t\t\t\t<div class=\"elementor-element elementor-element-158e0ac5 elementor-widget elementor-widget-heading\" data-id=\"158e0ac5\" data-element_type=\"widget\" data-widget_type=\"heading.default\">\n\t\t\t\t<div class=\"elementor-widget-container\">\n\t\t\t<h1 class=\"elementor-heading-title elementor-size-default\">Hullad\u00e9k \u00e1tv\u00e9tel felt\u00e9telei\n<\/h1>\t\t<\/div>\n\t\t\t\t<\/div>\n\t\t\t\t\t<\/div>\n\t\t<\/div>\n\t\t\t\t\t\t\t<\/div>\n\t\t<\/section>\n\t\t\t\t<section class=\"elementor-section elementor-top-section elementor-element elementor-element-49c66298 elementor-section-full_width elementor-section-height-default elementor-section-height-default\" data-id=\"49c66298\" data-element_type=\"section\">\n\t\t\t\t\t\t<div class=\"elementor-container elementor-column-gap-no\">\n\t\t\t\t\t<div class=\"elementor-column elementor-col-100 elementor-top-column elementor-element elementor-element-25e17270\" data-id=\"25e17270\" data-element_type=\"column\">\n\t\t\t<div class=\"elementor-widget-wrap elementor-element-populated\">\n\t\t\t\t\t\t\t\t<div class=\"elementor-element elementor-element-32266751 elementor-widget elementor-widget-spacer\" data-id=\"32266751\" data-element_type=\"widget\" data-widget_type=\"spacer.default\">\n\t\t\t\t<div class=\"elementor-widget-container\">\n\t\t\t\t\t<div class=\"elementor-spacer\">\n\t\t\t<div class=\"elementor-spacer-inner\"><\/div>\n\t\t<\/div>\n\t\t\t\t<\/div>\n\t\t\t\t<\/div>\n\t\t\t\t\t<\/div>\n\t\t<\/div>\n\t\t\t\t\t\t\t<\/div>\n\t\t<\/section>\n\t\t\t\t<section class=\"elementor-section elementor-top-section elementor-element elementor-element-1b145455 elementor-section-boxed elementor-section-height-default elementor-section-height-default\" data-id=\"1b145455\" data-element_type=\"section\" data-settings=\"{&quot;background_background&quot;:&quot;classic&quot;}\">\n\t\t\t\t\t\t\t<div class=\"elementor-background-overlay\"><\/div>\n\t\t\t\t\t\t\t<div class=\"elementor-container elementor-column-gap-no\">\n\t\t\t\t\t<div class=\"elementor-column elementor-col-100 elementor-top-column elementor-element elementor-element-3f657b23\" data-id=\"3f657b23\" data-element_type=\"column\">\n\t\t\t<div class=\"elementor-widget-wrap elementor-element-populated\">\n\t\t\t\t\t\t\t\t<section class=\"elementor-section elementor-inner-section elementor-element elementor-element-2e201924 elementor-section-boxed elementor-section-height-default elementor-section-height-default\" data-id=\"2e201924\" data-element_type=\"section\">\n\t\t\t\t\t\t<div class=\"elementor-container elementor-column-gap-default\">\n\t\t\t\t\t<div class=\"elementor-column elementor-col-50 elementor-inner-column elementor-element elementor-element-4409edcd\" data-id=\"4409edcd\" data-element_type=\"column\">\n\t\t\t<div class=\"elementor-widget-wrap elementor-element-populated\">\n\t\t\t\t\t\t\t\t<div class=\"elementor-element elementor-element-b9c7488 elementor-widget elementor-widget-text-editor\" data-id=\"b9c7488\" data-element_type=\"widget\" data-widget_type=\"text-editor.default\">\n\t\t\t\t<div class=\"elementor-widget-container\">\n\t\t\t\t\t\t\t<p>K\u00f6z\u00fclet\/C\u00e9ges f\u00e9mhullad\u00e9k lead\u00e1s alapvet\u0151 felt\u00e9telei:<\/p>\t\t\t\t\t\t<\/div>\n\t\t\t\t<\/div>\n\t\t\t\t<div class=\"elementor-element elementor-element-4d901d1 elementor-widget elementor-widget-text-editor\" data-id=\"4d901d1\" data-element_type=\"widget\" data-widget_type=\"text-editor.default\">\n\t\t\t\t<div class=\"elementor-widget-container\">\n\t\t\t\t\t\t\t<ul><li>Kereskedelmi keretszerz\u0151d\u00e9s\/ \u00dcgyletenk\u00e9nt \u00cdr\u00e1sbeli meg\u00e1llapod\u00e1s sz\u00fcks\u00e9ges<\/li><li>Sz\u00e1ll\u00edt\u00f3lev\u00e9l (Szab\u00e1lyosan kit\u00f6lt\u00f6tve)<ul><li>\u00c9rt\u00e9kes\u00edt\u0151 c\u00e9g neve, c\u00edme, ad\u00f3sz\u00e1ma<\/li><li>Vev\u0151 c\u00e9g neve, c\u00edme, ad\u00f3sz\u00e1ma<\/li><li>F\u00e9mhullad\u00e9kot sz\u00e1ll\u00edt\u00f3 j\u00e1rm\u0171 t\u00edpusa \u00e9s rendsz\u00e1ma<\/li><li>Sz\u00e1ll\u00edtott anyagok megnevez\u00e9se (ha t\u00f6bb, akkor fajt\u00e1nk\u00e9nt)<\/li><li>F\u00e9mhullad\u00e9k v\u00e1mtarifasz\u00e1ma, HAK k\u00f3d<\/li><li>D\u00e1tum, b\u00e9lyegz\u0151, al\u00e1\u00edr\u00e1s<\/li><li>Sz\u00fcks\u00e9ges az elad\u00f3nak K\u00dcJ- KTJ sz\u00e1m is, amennyiben a \u00a0 \u00a0 \u00a0 \u00a0t\u00f6rv\u00e9nyben meghat\u00e1rozott mennyis\u00e9get meghaladja a leadott mennyis\u00e9g az adott \u00e9vre vonatkoz\u00f3an<\/li><li>Amennyiben az \u00e1tad\u00f3 a c\u00e9g k\u00e9pviselet\u00e9re nem jogosult, abban az esetben c\u00e9ges meghatalmaz\u00e1s sz\u00fcks\u00e9ges r\u00e9sz\u00e9re<\/li><li>Ha mindk\u00e9t f\u00e9l rendelkezik f\u00e9mkereskedelmi enged\u00e9llyel, abban az esetben anyagk\u00eds\u00e9r\u0151 okm\u00e1ny kit\u00f6lt\u00e9se sz\u00fcks\u00e9ges<\/li><\/ul><\/li><\/ul><p>\u00a0<\/p><p>A fentiekben le\u00edrtak hi\u00e1ny\u00e1ban nem tudunk f\u00e9mhullad\u00e9kot \u00e1tvenni!<\/p>\t\t\t\t\t\t<\/div>\n\t\t\t\t<\/div>\n\t\t\t\t\t<\/div>\n\t\t<\/div>\n\t\t\t\t<div class=\"elementor-column elementor-col-50 elementor-inner-column elementor-element elementor-element-49849c3d\" data-id=\"49849c3d\" data-element_type=\"column\">\n\t\t\t<div class=\"elementor-widget-wrap elementor-element-populated\">\n\t\t\t\t\t\t\t\t<div class=\"elementor-element elementor-element-5e29ad48 elementor-widget elementor-widget-text-editor\" data-id=\"5e29ad48\" data-element_type=\"widget\" data-widget_type=\"text-editor.default\">\n\t\t\t\t<div class=\"elementor-widget-container\">\n\t\t\t\t\t\t\t<p>F\u00e9mhullad\u00e9kot minden magyarorsz\u00e1gi ad\u00f3sz\u00e1mmal rendelkez\u0151 term\u00e9szetes szem\u00e9ly \u00e9s\/vagy jogi szem\u00e9ly, az arra jogosult f\u00e9mkereskedelmi enged\u00e9llyel rendelkez\u0151 c\u00e9gnek \u00e9rt\u00e9kes\u00edthet csak.<\/p>\t\t\t\t\t\t<\/div>\n\t\t\t\t<\/div>\n\t\t\t\t<div class=\"elementor-element elementor-element-0f21702 elementor-widget elementor-widget-text-editor\" data-id=\"0f21702\" data-element_type=\"widget\" data-widget_type=\"text-editor.default\">\n\t\t\t\t<div class=\"elementor-widget-container\">\n\t\t\t\t\t\t\t<p><i>Mag\u00e1nszem\u00e9lyek f\u00e9mhullad\u00e9k lead\u00e1s\u00e1nak alapvet\u0151 felt\u00e9telei:<\/i><\/p>\t\t\t\t\t\t<\/div>\n\t\t\t\t<\/div>\n\t\t\t\t<div class=\"elementor-element elementor-element-46631da1 elementor-icon-list--layout-traditional elementor-list-item-link-full_width elementor-widget elementor-widget-icon-list\" data-id=\"46631da1\" data-element_type=\"widget\" data-widget_type=\"icon-list.default\">\n\t\t\t\t<div class=\"elementor-widget-container\">\n\t\t\t\t\t<ul class=\"elementor-icon-list-items\">\n\t\t\t\t\t\t\t<li class=\"elementor-icon-list-item\">\n\t\t\t\t\t\t\t\t\t\t\t<span class=\"elementor-icon-list-icon\">\n\t\t\t\t\t\t\t<i aria-hidden=\"true\" class=\"fas fa-minus\"><\/i>\t\t\t\t\t\t<\/span>\n\t\t\t\t\t\t\t\t\t\t<span class=\"elementor-icon-list-text\">Csak 18. \u00e9let\u00e9v\u00e9t bet\u00f6lt\u00f6tt szem\u00e9lyek adhatnak le           f\u00e9mhullad\u00e9kot<\/span>\n\t\t\t\t\t\t\t\t\t<\/li>\n\t\t\t\t\t\t\t\t<li class=\"elementor-icon-list-item\">\n\t\t\t\t\t\t\t\t\t\t\t<span class=\"elementor-icon-list-icon\">\n\t\t\t\t\t\t\t<i aria-hidden=\"true\" class=\"fas fa-minus\"><\/i>\t\t\t\t\t\t<\/span>\n\t\t\t\t\t\t\t\t\t\t<span class=\"elementor-icon-list-text\">Szem\u00e9ly igazolv\u00e1ny<\/span>\n\t\t\t\t\t\t\t\t\t<\/li>\n\t\t\t\t\t\t\t\t<li class=\"elementor-icon-list-item\">\n\t\t\t\t\t\t\t\t\t\t\t<span class=\"elementor-icon-list-icon\">\n\t\t\t\t\t\t\t<i aria-hidden=\"true\" class=\"fas fa-minus\"><\/i>\t\t\t\t\t\t<\/span>\n\t\t\t\t\t\t\t\t\t\t<span class=\"elementor-icon-list-text\">Lakc\u00edmk\u00e1rtya<\/span>\n\t\t\t\t\t\t\t\t\t<\/li>\n\t\t\t\t\t\t\t\t<li class=\"elementor-icon-list-item\">\n\t\t\t\t\t\t\t\t\t\t\t<span class=\"elementor-icon-list-icon\">\n\t\t\t\t\t\t\t<i aria-hidden=\"true\" class=\"fas fa-minus\"><\/i>\t\t\t\t\t\t<\/span>\n\t\t\t\t\t\t\t\t\t\t<span class=\"elementor-icon-list-text\">Ad\u00f3azonos\u00edt\u00f3 k\u00e1rtya<\/span>\n\t\t\t\t\t\t\t\t\t<\/li>\n\t\t\t\t\t\t\t\t<li class=\"elementor-icon-list-item\">\n\t\t\t\t\t\t\t\t\t\t\t<span class=\"elementor-icon-list-icon\">\n\t\t\t\t\t\t\t<i aria-hidden=\"true\" class=\"fas fa-minus\"><\/i>\t\t\t\t\t\t<\/span>\n\t\t\t\t\t\t\t\t\t\t<span class=\"elementor-icon-list-text\">Mag\u00e1nszem\u00e9lyeknek egy nap maximum 100.000 forint fizethet\u0151 ki k\u00e9szp\u00e9nzben<\/span>\n\t\t\t\t\t\t\t\t\t<\/li>\n\t\t\t\t\t\t<\/ul>\n\t\t\t\t<\/div>\n\t\t\t\t<\/div>\n\t\t\t\t\t<\/div>\n\t\t<\/div>\n\t\t\t\t\t\t\t<\/div>\n\t\t<\/section>\n\t\t\t\t\t<\/div>\n\t\t<\/div>\n\t\t\t\t\t\t\t<\/div>\n\t\t<\/section>\n\t\t\t\t\t\t<\/div>\n\t\t\t\t\t<\/div>\n\t\t","protected":false},"excerpt":{"rendered":"<p>Hullad\u00e9k \u00e1tv\u00e9tel felt\u00e9telei K\u00f6z\u00fclet\/C\u00e9ges f\u00e9mhullad\u00e9k lead\u00e1s alapvet\u0151 felt\u00e9telei: Kereskedelmi keretszerz\u0151d\u00e9s\/ \u00dcgyletenk\u00e9nt \u00cdr\u00e1sbeli meg\u00e1llapod\u00e1s sz\u00fcks\u00e9ges Sz\u00e1ll\u00edt\u00f3lev\u00e9l (Szab\u00e1lyosan kit\u00f6lt\u00f6tve) \u00c9rt\u00e9kes\u00edt\u0151 c\u00e9g neve, c\u00edme, ad\u00f3sz\u00e1ma Vev\u0151 c\u00e9g neve, c\u00edme, ad\u00f3sz\u00e1ma F\u00e9mhullad\u00e9kot sz\u00e1ll\u00edt\u00f3 j\u00e1rm\u0171 t\u00edpusa \u00e9s rendsz\u00e1ma Sz\u00e1ll\u00edtott anyagok megnevez\u00e9se (ha t\u00f6bb, akkor fajt\u00e1nk\u00e9nt) F\u00e9mhullad\u00e9k v\u00e1mtarifasz\u00e1ma, HAK k\u00f3d D\u00e1tum, b\u00e9lyegz\u0151, al\u00e1\u00edr\u00e1s Sz\u00fcks\u00e9ges az elad\u00f3nak K\u00dcJ- KTJ sz\u00e1m is, amennyiben [&hellip;]<\/p>\n","protected":false},"author":1,"featured_media":0,"parent":0,"menu_order":0,"comment_status":"closed","ping_status":"closed","template":"elementor_header_footer","meta":{"footnotes":""},"class_list":["post-123","page","type-page","status-publish","hentry","entry","owp-thumbs-layout-horizontal","owp-btn-normal","owp-tabs-layout-horizontal","has-no-thumbnails","has-product-nav"],"_links":{"self":[{"href":"https:\/\/lamazo.hu\/index.php\/wp-json\/wp\/v2\/pages\/123","targetHints":{"allow":["GET"]}}],"collection":[{"href":"https:\/\/lamazo.hu\/index.php\/wp-json\/wp\/v2\/pages"}],"about":[{"href":"https:\/\/lamazo.hu\/index.php\/wp-json\/wp\/v2\/types\/page"}],"author":[{"embeddable":true,"href":"https:\/\/lamazo.hu\/index.php\/wp-json\/wp\/v2\/users\/1"}],"replies":[{"embeddable":true,"href":"https:\/\/lamazo.hu\/index.php\/wp-json\/wp\/v2\/comments?post=123"}],"version-history":[{"count":14,"href":"https:\/\/lamazo.hu\/index.php\/wp-json\/wp\/v2\/pages\/123\/revisions"}],"predecessor-version":[{"id":281,"href":"https:\/\/lamazo.hu\/index.php\/wp-json\/wp\/v2\/pages\/123\/revisions\/281"}],"wp:attachment":[{"href":"https:\/\/lamazo.hu\/index.php\/wp-json\/wp\/v2\/media?parent=123"}],"curies":[{"name":"wp","href":"https:\/\/api.w.org\/{rel}","templated":true}]}}