{"id":136,"date":"2021-10-22T08:01:35","date_gmt":"2021-10-22T08:01:35","guid":{"rendered":"https:\/\/lamazo.hu\/?page_id=136"},"modified":"2022-01-06T08:00:28","modified_gmt":"2022-01-06T08:00:28","slug":"rolunk","status":"publish","type":"page","link":"https:\/\/lamazo.hu\/","title":{"rendered":"R\u00f3lunk"},"content":{"rendered":"\t\t<div data-elementor-type=\"wp-page\" data-elementor-id=\"136\" class=\"elementor elementor-136\" data-elementor-settings=\"[]\">\n\t\t\t\t\t\t\t<div class=\"elementor-section-wrap\">\n\t\t\t\t\t\t\t<section class=\"elementor-section elementor-top-section elementor-element elementor-element-6f75bf47 elementor-section-full_width elementor-section-height-default elementor-section-height-default\" data-id=\"6f75bf47\" data-element_type=\"section\">\n\t\t\t\t\t\t<div class=\"elementor-container elementor-column-gap-no\">\n\t\t\t\t\t<div class=\"elementor-column elementor-col-100 elementor-top-column elementor-element elementor-element-41aed75c\" data-id=\"41aed75c\" data-element_type=\"column\">\n\t\t\t<div class=\"elementor-widget-wrap elementor-element-populated\">\n\t\t\t\t\t\t\t\t<div class=\"elementor-element elementor-element-7efa72b5 elementor--h-position-left elementor--v-position-middle elementor-arrows-position-inside elementor-widget elementor-widget-slides\" data-id=\"7efa72b5\" data-element_type=\"widget\" data-settings=\"{&quot;navigation&quot;:&quot;arrows&quot;,&quot;transition&quot;:&quot;fade&quot;,&quot;transition_speed&quot;:500}\" data-widget_type=\"slides.default\">\n\t\t\t\t<div class=\"elementor-widget-container\">\n\t\t\t\t\t<div class=\"elementor-swiper\">\n\t\t\t<div class=\"elementor-slides-wrapper elementor-main-swiper swiper-container\" dir=\"ltr\" data-animation=\"fadeInUp\">\n\t\t\t\t<div class=\"swiper-wrapper elementor-slides\">\n\t\t\t\t\t<div class=\"elementor-repeater-item-f947fa8 swiper-slide\"><div class=\"swiper-slide-bg\"><\/div><div class=\"elementor-background-overlay\"><\/div><a class=\"swiper-slide-inner\" href=\"https:\/\/lamazo.hu\/index.php\/kapcsolat\"><div class=\"swiper-slide-contents\"><div class=\"elementor-slide-heading\">LAMAZO SPULLEN KFT<\/div><div class=\"elementor-slide-description\">C\u00e9g\u00fcnk 1992 \u00f3ta foglalkozik vesz\u00e9lyes - \u00e9s nem vesz\u00e9lyes hullad\u00e9kok \u00e1tv\u00e9tel\u00e9vel, illetve gy\u0171jt\u00e9s\u00e9vel, kezel\u00e9s\u00e9vel \u00e9s sz\u00e1ll\u00edt\u00e1s\u00e1val. Jelenlegi c\u00e9g\u00fcnket a Szem-Ma Kft, mint anyav\u00e1llalat alap\u00edtotta 2012-ben. <\/div><div  class=\"elementor-button elementor-slide-button elementor-size-lg\">Vegye fel vel\u00fcnk a kapcsolatot!<\/div><\/div><\/a><\/div>\t\t\t\t<\/div>\n\t\t\t\t\t\t\t<\/div>\n\t\t<\/div>\n\t\t\t\t<\/div>\n\t\t\t\t<\/div>\n\t\t\t\t\t<\/div>\n\t\t<\/div>\n\t\t\t\t\t\t\t<\/div>\n\t\t<\/section>\n\t\t\t\t<section class=\"elementor-section elementor-top-section elementor-element elementor-element-2c89d751 elementor-reverse-tablet elementor-reverse-mobile elementor-section-boxed elementor-section-height-default elementor-section-height-default\" data-id=\"2c89d751\" data-element_type=\"section\">\n\t\t\t\t\t\t\t<div class=\"elementor-background-overlay\"><\/div>\n\t\t\t\t\t\t\t<div class=\"elementor-container elementor-column-gap-no\">\n\t\t\t\t\t<div class=\"elementor-column elementor-col-50 elementor-top-column elementor-element elementor-element-249b0caa\" data-id=\"249b0caa\" data-element_type=\"column\">\n\t\t\t<div class=\"elementor-widget-wrap elementor-element-populated\">\n\t\t\t\t\t\t\t\t<section class=\"elementor-section elementor-inner-section elementor-element elementor-element-6ed8afb3 elementor-section-boxed elementor-section-height-default elementor-section-height-default\" data-id=\"6ed8afb3\" data-element_type=\"section\">\n\t\t\t\t\t\t<div class=\"elementor-container elementor-column-gap-no\">\n\t\t\t\t\t<div class=\"elementor-column elementor-col-100 elementor-inner-column elementor-element elementor-element-686f0e05\" data-id=\"686f0e05\" data-element_type=\"column\">\n\t\t\t<div class=\"elementor-widget-wrap elementor-element-populated\">\n\t\t\t\t\t\t\t\t<div class=\"elementor-element elementor-element-0d66499 elementor-widget elementor-widget-image\" data-id=\"0d66499\" data-element_type=\"widget\" data-widget_type=\"image.default\">\n\t\t\t\t<div class=\"elementor-widget-container\">\n\t\t\t\t\t\t\t\t\t\t\t\t\t\t\t<img loading=\"lazy\" decoding=\"async\" width=\"2560\" height=\"1920\" src=\"https:\/\/lamazo.hu\/wp-content\/uploads\/2021\/10\/old-abandoned-airfield-with-abandoned-helicopters-2021-09-02-16-32-00-utc-scaled.jpg\" class=\"attachment-full size-full\" alt=\"\" srcset=\"https:\/\/lamazo.hu\/wp-content\/uploads\/2021\/10\/old-abandoned-airfield-with-abandoned-helicopters-2021-09-02-16-32-00-utc-scaled.jpg 2560w, https:\/\/lamazo.hu\/wp-content\/uploads\/2021\/10\/old-abandoned-airfield-with-abandoned-helicopters-2021-09-02-16-32-00-utc-300x225.jpg 300w, https:\/\/lamazo.hu\/wp-content\/uploads\/2021\/10\/old-abandoned-airfield-with-abandoned-helicopters-2021-09-02-16-32-00-utc-1024x768.jpg 1024w, https:\/\/lamazo.hu\/wp-content\/uploads\/2021\/10\/old-abandoned-airfield-with-abandoned-helicopters-2021-09-02-16-32-00-utc-768x576.jpg 768w, https:\/\/lamazo.hu\/wp-content\/uploads\/2021\/10\/old-abandoned-airfield-with-abandoned-helicopters-2021-09-02-16-32-00-utc-1536x1152.jpg 1536w, https:\/\/lamazo.hu\/wp-content\/uploads\/2021\/10\/old-abandoned-airfield-with-abandoned-helicopters-2021-09-02-16-32-00-utc-2048x1536.jpg 2048w, https:\/\/lamazo.hu\/wp-content\/uploads\/2021\/10\/old-abandoned-airfield-with-abandoned-helicopters-2021-09-02-16-32-00-utc-600x450.jpg 600w\" sizes=\"auto, (max-width: 2560px) 100vw, 2560px\" \/>\t\t\t\t\t\t\t\t\t\t\t\t\t\t\t<\/div>\n\t\t\t\t<\/div>\n\t\t\t\t\t<\/div>\n\t\t<\/div>\n\t\t\t\t\t\t\t<\/div>\n\t\t<\/section>\n\t\t\t\t\t<\/div>\n\t\t<\/div>\n\t\t\t\t<div class=\"elementor-column elementor-col-50 elementor-top-column elementor-element elementor-element-66b25d66\" data-id=\"66b25d66\" data-element_type=\"column\">\n\t\t\t<div class=\"elementor-widget-wrap elementor-element-populated\">\n\t\t\t\t\t\t\t\t<div class=\"elementor-element elementor-element-23a86285 elementor-widget elementor-widget-text-editor\" data-id=\"23a86285\" data-element_type=\"widget\" data-widget_type=\"text-editor.default\">\n\t\t\t\t<div class=\"elementor-widget-container\">\n\t\t\t\t\t\t\t<p>V\u00e1llalkoz\u00e1sunk sz\u00ednesf\u00e9m-, vas-, lemezhullad\u00e9k felv\u00e1s\u00e1rl\u00e1s\u00e1val, \u00f6sszegy\u0171jt\u00e9s\u00e9vel, azok adagolhat\u00f3v\u00e1 alak\u00edt\u00e1s\u00e1val, feldolgoz\u00f3 \u00fczemeknek val\u00f3 tov\u00e1bb\u00edt\u00e1s\u00e1val foglalkozik. Nagyobb, r\u00e9gi vasszerkezetek, k\u00e9m\u00e9nyek, r\u00e9gi gy\u00e1r\u00e9p\u00fcletek, rakt\u00e1rak, \u00e1llattart\u00e1sra alkalmas \u00e9p\u00fcletek elbont\u00e1s\u00e1t, darabol\u00e1s\u00e1t, sz\u00e1ll\u00edt\u00e1s\u00e1t is elv\u00e1llaljuk, szakk\u00e9pzett, hozz\u00e1\u00e9rt\u0151, gyors munkav\u00e9gz\u00e9st biztos\u00edtunk.<\/p>\t\t\t\t\t\t<\/div>\n\t\t\t\t<\/div>\n\t\t\t\t\t<\/div>\n\t\t<\/div>\n\t\t\t\t\t\t\t<\/div>\n\t\t<\/section>\n\t\t\t\t<section class=\"elementor-section elementor-top-section elementor-element elementor-element-5b58a641 elementor-section-boxed elementor-section-height-default elementor-section-height-default\" data-id=\"5b58a641\" data-element_type=\"section\" data-settings=\"{&quot;background_background&quot;:&quot;classic&quot;}\">\n\t\t\t\t\t\t\t<div class=\"elementor-background-overlay\"><\/div>\n\t\t\t\t\t\t\t<div class=\"elementor-container elementor-column-gap-no\">\n\t\t\t\t\t<div class=\"elementor-column elementor-col-100 elementor-top-column elementor-element elementor-element-76f530b0\" data-id=\"76f530b0\" data-element_type=\"column\">\n\t\t\t<div class=\"elementor-widget-wrap elementor-element-populated\">\n\t\t\t\t\t\t\t\t<div class=\"elementor-element elementor-element-169aa95f elementor-widget elementor-widget-text-editor\" data-id=\"169aa95f\" data-element_type=\"widget\" data-widget_type=\"text-editor.default\">\n\t\t\t\t<div class=\"elementor-widget-container\">\n\t\t\t\t\t\t\t<p>Enged\u00e9llyel rendelkez\u00fcnk f\u00e9mhullad\u00e9khoz kapcsol\u00f3d\u00f3 vesz\u00e9lyes hullad\u00e9kok \u2013 elektronikai hullad\u00e9k, \u00f3lom akkumul\u00e1tor, h\u0171t\u0151szekr\u00e9ny, kompresszor hullad\u00e9k gy\u0171jt\u00e9s\u00e9re, sz\u00e1ll\u00edt\u00e1s\u00e1ra \u00e9s el\u0151kezel\u00e9s\u00e9re is.<\/p>\t\t\t\t\t\t<\/div>\n\t\t\t\t<\/div>\n\t\t\t\t\t<\/div>\n\t\t<\/div>\n\t\t\t\t\t\t\t<\/div>\n\t\t<\/section>\n\t\t\t\t<section class=\"elementor-section elementor-top-section elementor-element elementor-element-38cb3446 elementor-section-boxed elementor-section-height-default elementor-section-height-default\" data-id=\"38cb3446\" data-element_type=\"section\" data-settings=\"{&quot;background_background&quot;:&quot;classic&quot;}\">\n\t\t\t\t\t\t\t<div class=\"elementor-background-overlay\"><\/div>\n\t\t\t\t\t\t\t<div class=\"elementor-container elementor-column-gap-no\">\n\t\t\t\t\t<div class=\"elementor-column elementor-col-50 elementor-top-column elementor-element elementor-element-59f7d955\" data-id=\"59f7d955\" data-element_type=\"column\" data-settings=\"{&quot;background_background&quot;:&quot;classic&quot;}\">\n\t\t\t<div class=\"elementor-widget-wrap elementor-element-populated\">\n\t\t\t\t\t<div class=\"elementor-background-overlay\"><\/div>\n\t\t\t\t\t\t\t\t<div class=\"elementor-element elementor-element-472ea1dd elementor-widget elementor-widget-text-editor\" data-id=\"472ea1dd\" data-element_type=\"widget\" data-widget_type=\"text-editor.default\">\n\t\t\t\t<div class=\"elementor-widget-container\">\n\t\t\t\t\t\t\t<p>A v\u00e1llalatunk nagykereskedelmi tev\u00e9kenys\u00e9get is v\u00e9gez, besz\u00e1ll\u00edt\u00f3ink k\u00f6z\u00f6tt ipari term\u00e9keket el\u0151\u00e1ll\u00edt\u00f3 nagyv\u00e1llalatok \u00e9s szolg\u00e1ltat\u00f3 c\u00e9gek is vannak. Az \u00fajrafeldolgoz\u00e1sra el\u0151k\u00e9sz\u00edtett m\u00e1sodnyersanyagokat hazai \u00e9s k\u00fclf\u00f6ldi koh\u00f3k \u00e9s f\u00e9mfeldolgoz\u00f3 \u00fczemek sz\u00e1m\u00e1ra \u00e9rt\u00e9kes\u00edtj\u00fck.<\/p><p>C\u00e9g\u00fcnk 100%-ban magyar tulajdonosi k\u00f6rrel rendelkezik.<\/p><p>Meghat\u00e1roz\u00f3 piaci szerepet t\u00f6lt\u00fcnk be a t\u00e9rs\u00e9g hullad\u00e9kgazd\u00e1lkod\u00e1s\u00e1ban.<\/p><p>2018. szeptember\u00e9ben b\u0151v\u00edtett\u00fck tev\u00e9kenys\u00e9g\u00fcnket belf\u00f6ldi fut\u00e1rszolg\u00e1lat f\u0151vonali j\u00e1rat\u00e1val.<\/p>\t\t\t\t\t\t<\/div>\n\t\t\t\t<\/div>\n\t\t\t\t\t<\/div>\n\t\t<\/div>\n\t\t\t\t<div class=\"elementor-column elementor-col-50 elementor-top-column elementor-element elementor-element-25b75e5e\" data-id=\"25b75e5e\" data-element_type=\"column\">\n\t\t\t<div class=\"elementor-widget-wrap\">\n\t\t\t\t\t\t\t\t\t<\/div>\n\t\t<\/div>\n\t\t\t\t\t\t\t<\/div>\n\t\t<\/section>\n\t\t\t\t<section class=\"elementor-section elementor-top-section elementor-element elementor-element-f286d1c elementor-section-boxed elementor-section-height-default elementor-section-height-default\" data-id=\"f286d1c\" data-element_type=\"section\">\n\t\t\t\t\t\t<div class=\"elementor-container elementor-column-gap-default\">\n\t\t\t\t\t<div class=\"elementor-column elementor-col-100 elementor-top-column elementor-element elementor-element-d416484\" data-id=\"d416484\" data-element_type=\"column\">\n\t\t\t<div class=\"elementor-widget-wrap elementor-element-populated\">\n\t\t\t\t\t\t\t\t<div class=\"elementor-element elementor-element-04d9a5a elementor-widget elementor-widget-text-editor\" data-id=\"04d9a5a\" data-element_type=\"widget\" data-widget_type=\"text-editor.default\">\n\t\t\t\t<div class=\"elementor-widget-container\">\n\t\t\t\t\t\t\t<p>B\u00e1rmilyen jelleg\u0171 hullad\u00e9k \u00e1tv\u00e9tellel kapcsolatban forduljon hozz\u00e1nk bizalommal az al\u00e1bbi el\u00e9rhet\u0151s\u00e9gek valamelyik\u00e9n!<\/p>\t\t\t\t\t\t<\/div>\n\t\t\t\t<\/div>\n\t\t\t\t\t<\/div>\n\t\t<\/div>\n\t\t\t\t\t\t\t<\/div>\n\t\t<\/section>\n\t\t\t\t<section class=\"elementor-section elementor-top-section elementor-element elementor-element-7961789f elementor-section-boxed elementor-section-height-default elementor-section-height-default\" data-id=\"7961789f\" data-element_type=\"section\">\n\t\t\t\t\t\t<div class=\"elementor-container elementor-column-gap-no\">\n\t\t\t\t\t<div class=\"elementor-column elementor-col-25 elementor-top-column elementor-element elementor-element-65194868\" data-id=\"65194868\" data-element_type=\"column\">\n\t\t\t<div class=\"elementor-widget-wrap elementor-element-populated\">\n\t\t\t\t\t\t\t\t<div class=\"elementor-element elementor-element-2aa01745 elementor-view-stacked elementor-shape-square elementor-widget elementor-widget-icon\" data-id=\"2aa01745\" data-element_type=\"widget\" data-widget_type=\"icon.default\">\n\t\t\t\t<div class=\"elementor-widget-container\">\n\t\t\t\t\t<div class=\"elementor-icon-wrapper\">\n\t\t\t<div class=\"elementor-icon\">\n\t\t\t<i aria-hidden=\"true\" class=\"fas fa-map-marked-alt\"><\/i>\t\t\t<\/div>\n\t\t<\/div>\n\t\t\t\t<\/div>\n\t\t\t\t<\/div>\n\t\t\t\t<section class=\"elementor-section elementor-inner-section elementor-element elementor-element-27acf2bd elementor-section-boxed elementor-section-height-default elementor-section-height-default\" data-id=\"27acf2bd\" data-element_type=\"section\">\n\t\t\t\t\t\t<div class=\"elementor-container elementor-column-gap-no\">\n\t\t\t\t\t<div class=\"elementor-column elementor-col-100 elementor-inner-column elementor-element elementor-element-7ada6b2e\" data-id=\"7ada6b2e\" data-element_type=\"column\" data-settings=\"{&quot;background_background&quot;:&quot;classic&quot;}\">\n\t\t\t<div class=\"elementor-widget-wrap elementor-element-populated\">\n\t\t\t\t\t\t\t\t<div class=\"elementor-element elementor-element-77bf94ee elementor-widget elementor-widget-heading\" data-id=\"77bf94ee\" data-element_type=\"widget\" data-widget_type=\"heading.default\">\n\t\t\t\t<div class=\"elementor-widget-container\">\n\t\t\t<h4 class=\"elementor-heading-title elementor-size-default\">Telephely<\/h4>\t\t<\/div>\n\t\t\t\t<\/div>\n\t\t\t\t<div class=\"elementor-element elementor-element-5366aa3 elementor-icon-list--layout-traditional elementor-list-item-link-full_width elementor-widget elementor-widget-icon-list\" data-id=\"5366aa3\" data-element_type=\"widget\" data-widget_type=\"icon-list.default\">\n\t\t\t\t<div class=\"elementor-widget-container\">\n\t\t\t\t\t<ul class=\"elementor-icon-list-items\">\n\t\t\t\t\t\t\t<li class=\"elementor-icon-list-item\">\n\t\t\t\t\t\t\t\t\t\t<span class=\"elementor-icon-list-text\">5200 T\u00f6r\u00f6kszentmikl\u00f3s, D\u00f3zsa Gy\u00f6rgy \u00fat 54<\/span>\n\t\t\t\t\t\t\t\t\t<\/li>\n\t\t\t\t\t\t<\/ul>\n\t\t\t\t<\/div>\n\t\t\t\t<\/div>\n\t\t\t\t\t<\/div>\n\t\t<\/div>\n\t\t\t\t\t\t\t<\/div>\n\t\t<\/section>\n\t\t\t\t\t<\/div>\n\t\t<\/div>\n\t\t\t\t<div class=\"elementor-column elementor-col-25 elementor-top-column elementor-element elementor-element-4e5f6a75\" data-id=\"4e5f6a75\" data-element_type=\"column\">\n\t\t\t<div class=\"elementor-widget-wrap elementor-element-populated\">\n\t\t\t\t\t\t\t\t<div class=\"elementor-element elementor-element-33509d8e elementor-view-stacked elementor-shape-square elementor-widget elementor-widget-icon\" data-id=\"33509d8e\" data-element_type=\"widget\" data-widget_type=\"icon.default\">\n\t\t\t\t<div class=\"elementor-widget-container\">\n\t\t\t\t\t<div class=\"elementor-icon-wrapper\">\n\t\t\t<div class=\"elementor-icon\">\n\t\t\t<i aria-hidden=\"true\" class=\"far fa-clock\"><\/i>\t\t\t<\/div>\n\t\t<\/div>\n\t\t\t\t<\/div>\n\t\t\t\t<\/div>\n\t\t\t\t<section class=\"elementor-section elementor-inner-section elementor-element elementor-element-27a26fed elementor-section-boxed elementor-section-height-default elementor-section-height-default\" data-id=\"27a26fed\" data-element_type=\"section\">\n\t\t\t\t\t\t<div class=\"elementor-container elementor-column-gap-no\">\n\t\t\t\t\t<div class=\"elementor-column elementor-col-100 elementor-inner-column elementor-element elementor-element-283bbe8a\" data-id=\"283bbe8a\" data-element_type=\"column\" data-settings=\"{&quot;background_background&quot;:&quot;classic&quot;}\">\n\t\t\t<div class=\"elementor-widget-wrap elementor-element-populated\">\n\t\t\t\t\t\t\t\t<div class=\"elementor-element elementor-element-29e73f6f elementor-widget elementor-widget-heading\" data-id=\"29e73f6f\" data-element_type=\"widget\" data-widget_type=\"heading.default\">\n\t\t\t\t<div class=\"elementor-widget-container\">\n\t\t\t<h4 class=\"elementor-heading-title elementor-size-default\">Nyitvatart\u00e1s<\/h4>\t\t<\/div>\n\t\t\t\t<\/div>\n\t\t\t\t<div class=\"elementor-element elementor-element-345dda2d elementor-icon-list--layout-traditional elementor-list-item-link-full_width elementor-widget elementor-widget-icon-list\" data-id=\"345dda2d\" data-element_type=\"widget\" data-widget_type=\"icon-list.default\">\n\t\t\t\t<div class=\"elementor-widget-container\">\n\t\t\t\t\t<ul class=\"elementor-icon-list-items\">\n\t\t\t\t\t\t\t<li class=\"elementor-icon-list-item\">\n\t\t\t\t\t\t\t\t\t\t<span class=\"elementor-icon-list-text\">H\u00e9t-P\u00e9n: 07:00-16:00<\/span>\n\t\t\t\t\t\t\t\t\t<\/li>\n\t\t\t\t\t\t\t\t<li class=\"elementor-icon-list-item\">\n\t\t\t\t\t\t\t\t\t\t<span class=\"elementor-icon-list-text\">Szombat: 08:00 - 12:00<\/span>\n\t\t\t\t\t\t\t\t\t<\/li>\n\t\t\t\t\t\t\t\t<li class=\"elementor-icon-list-item\">\n\t\t\t\t\t\t\t\t\t\t<span class=\"elementor-icon-list-text\">Vas\u00e1rnap: Z\u00e1rva<\/span>\n\t\t\t\t\t\t\t\t\t<\/li>\n\t\t\t\t\t\t<\/ul>\n\t\t\t\t<\/div>\n\t\t\t\t<\/div>\n\t\t\t\t\t<\/div>\n\t\t<\/div>\n\t\t\t\t\t\t\t<\/div>\n\t\t<\/section>\n\t\t\t\t\t<\/div>\n\t\t<\/div>\n\t\t\t\t<div class=\"elementor-column elementor-col-25 elementor-top-column elementor-element elementor-element-672c6b4c\" data-id=\"672c6b4c\" data-element_type=\"column\">\n\t\t\t<div class=\"elementor-widget-wrap elementor-element-populated\">\n\t\t\t\t\t\t\t\t<div class=\"elementor-element elementor-element-71f37e65 elementor-view-stacked elementor-shape-square elementor-widget elementor-widget-icon\" data-id=\"71f37e65\" data-element_type=\"widget\" data-widget_type=\"icon.default\">\n\t\t\t\t<div class=\"elementor-widget-container\">\n\t\t\t\t\t<div class=\"elementor-icon-wrapper\">\n\t\t\t<div class=\"elementor-icon\">\n\t\t\t<i aria-hidden=\"true\" class=\"fas fa-phone-volume\"><\/i>\t\t\t<\/div>\n\t\t<\/div>\n\t\t\t\t<\/div>\n\t\t\t\t<\/div>\n\t\t\t\t<section class=\"elementor-section elementor-inner-section elementor-element elementor-element-5eb70d0d elementor-section-boxed elementor-section-height-default elementor-section-height-default\" data-id=\"5eb70d0d\" data-element_type=\"section\">\n\t\t\t\t\t\t<div class=\"elementor-container elementor-column-gap-no\">\n\t\t\t\t\t<div class=\"elementor-column elementor-col-100 elementor-inner-column elementor-element elementor-element-739e0a5a\" data-id=\"739e0a5a\" data-element_type=\"column\" data-settings=\"{&quot;background_background&quot;:&quot;classic&quot;}\">\n\t\t\t<div class=\"elementor-widget-wrap elementor-element-populated\">\n\t\t\t\t\t\t\t\t<div class=\"elementor-element elementor-element-52b32ce1 elementor-widget elementor-widget-heading\" data-id=\"52b32ce1\" data-element_type=\"widget\" data-widget_type=\"heading.default\">\n\t\t\t\t<div class=\"elementor-widget-container\">\n\t\t\t<h4 class=\"elementor-heading-title elementor-size-default\">Telefonsz\u00e1m<\/h4>\t\t<\/div>\n\t\t\t\t<\/div>\n\t\t\t\t<div class=\"elementor-element elementor-element-30704f74 elementor-icon-list--layout-traditional elementor-list-item-link-full_width elementor-widget elementor-widget-icon-list\" data-id=\"30704f74\" data-element_type=\"widget\" data-widget_type=\"icon-list.default\">\n\t\t\t\t<div class=\"elementor-widget-container\">\n\t\t\t\t\t<ul class=\"elementor-icon-list-items\">\n\t\t\t\t\t\t\t<li class=\"elementor-icon-list-item\">\n\t\t\t\t\t\t\t\t\t\t\t<a href=\"tel:+36709306758\">\n\n\t\t\t\t\t\t\t\t\t\t\t<span class=\"elementor-icon-list-text\">+3670 9306758<\/span>\n\t\t\t\t\t\t\t\t\t\t\t<\/a>\n\t\t\t\t\t\t\t\t\t<\/li>\n\t\t\t\t\t\t<\/ul>\n\t\t\t\t<\/div>\n\t\t\t\t<\/div>\n\t\t\t\t\t<\/div>\n\t\t<\/div>\n\t\t\t\t\t\t\t<\/div>\n\t\t<\/section>\n\t\t\t\t\t<\/div>\n\t\t<\/div>\n\t\t\t\t<div class=\"elementor-column elementor-col-25 elementor-top-column elementor-element elementor-element-77ff3359\" data-id=\"77ff3359\" data-element_type=\"column\">\n\t\t\t<div class=\"elementor-widget-wrap elementor-element-populated\">\n\t\t\t\t\t\t\t\t<div class=\"elementor-element elementor-element-2ea03e4b elementor-view-stacked elementor-shape-square elementor-widget elementor-widget-icon\" data-id=\"2ea03e4b\" data-element_type=\"widget\" data-widget_type=\"icon.default\">\n\t\t\t\t<div class=\"elementor-widget-container\">\n\t\t\t\t\t<div class=\"elementor-icon-wrapper\">\n\t\t\t<div class=\"elementor-icon\">\n\t\t\t<i aria-hidden=\"true\" class=\"fas fa-envelope-open-text\"><\/i>\t\t\t<\/div>\n\t\t<\/div>\n\t\t\t\t<\/div>\n\t\t\t\t<\/div>\n\t\t\t\t<section class=\"elementor-section elementor-inner-section elementor-element elementor-element-789904db elementor-section-boxed elementor-section-height-default elementor-section-height-default\" data-id=\"789904db\" data-element_type=\"section\">\n\t\t\t\t\t\t<div class=\"elementor-container elementor-column-gap-no\">\n\t\t\t\t\t<div class=\"elementor-column elementor-col-100 elementor-inner-column elementor-element elementor-element-4a842270\" data-id=\"4a842270\" data-element_type=\"column\" data-settings=\"{&quot;background_background&quot;:&quot;classic&quot;}\">\n\t\t\t<div class=\"elementor-widget-wrap elementor-element-populated\">\n\t\t\t\t\t\t\t\t<div class=\"elementor-element elementor-element-7e4f5560 elementor-widget elementor-widget-heading\" data-id=\"7e4f5560\" data-element_type=\"widget\" data-widget_type=\"heading.default\">\n\t\t\t\t<div class=\"elementor-widget-container\">\n\t\t\t<h4 class=\"elementor-heading-title elementor-size-default\">Email c\u00edm<\/h4>\t\t<\/div>\n\t\t\t\t<\/div>\n\t\t\t\t<div class=\"elementor-element elementor-element-16361b4b elementor-icon-list--layout-traditional elementor-list-item-link-full_width elementor-widget elementor-widget-icon-list\" data-id=\"16361b4b\" data-element_type=\"widget\" data-widget_type=\"icon-list.default\">\n\t\t\t\t<div class=\"elementor-widget-container\">\n\t\t\t\t\t<ul class=\"elementor-icon-list-items\">\n\t\t\t\t\t\t\t<li class=\"elementor-icon-list-item\">\n\t\t\t\t\t\t\t\t\t\t<span class=\"elementor-icon-list-text\"><\/span>\n\t\t\t\t\t\t\t\t\t<\/li>\n\t\t\t\t\t\t<\/ul>\n\t\t\t\t<\/div>\n\t\t\t\t<\/div>\n\t\t\t\t\t<\/div>\n\t\t<\/div>\n\t\t\t\t\t\t\t<\/div>\n\t\t<\/section>\n\t\t\t\t\t<\/div>\n\t\t<\/div>\n\t\t\t\t\t\t\t<\/div>\n\t\t<\/section>\n\t\t\t\t\t\t<\/div>\n\t\t\t\t\t<\/div>\n\t\t","protected":false},"excerpt":{"rendered":"<p>LAMAZO SPULLEN KFTC\u00e9g\u00fcnk 1992 \u00f3ta foglalkozik vesz\u00e9lyes &#8211; \u00e9s nem vesz\u00e9lyes hullad\u00e9kok \u00e1tv\u00e9tel\u00e9vel, illetve gy\u0171jt\u00e9s\u00e9vel, kezel\u00e9s\u00e9vel \u00e9s sz\u00e1ll\u00edt\u00e1s\u00e1val. Jelenlegi c\u00e9g\u00fcnket a Szem-Ma Kft, mint anyav\u00e1llalat alap\u00edtotta 2012-ben. Vegye fel vel\u00fcnk a kapcsolatot! V\u00e1llalkoz\u00e1sunk sz\u00ednesf\u00e9m-, vas-, lemezhullad\u00e9k felv\u00e1s\u00e1rl\u00e1s\u00e1val, \u00f6sszegy\u0171jt\u00e9s\u00e9vel, azok adagolhat\u00f3v\u00e1 alak\u00edt\u00e1s\u00e1val, feldolgoz\u00f3 \u00fczemeknek val\u00f3 tov\u00e1bb\u00edt\u00e1s\u00e1val foglalkozik. Nagyobb, r\u00e9gi vasszerkezetek, k\u00e9m\u00e9nyek, r\u00e9gi gy\u00e1r\u00e9p\u00fcletek, rakt\u00e1rak, \u00e1llattart\u00e1sra alkalmas [&hellip;]<\/p>\n","protected":false},"author":1,"featured_media":0,"parent":0,"menu_order":0,"comment_status":"closed","ping_status":"closed","template":"elementor_header_footer","meta":{"footnotes":""},"class_list":["post-136","page","type-page","status-publish","hentry","entry","owp-thumbs-layout-horizontal","owp-btn-normal","owp-tabs-layout-horizontal","has-no-thumbnails","has-product-nav"],"_links":{"self":[{"href":"https:\/\/lamazo.hu\/index.php\/wp-json\/wp\/v2\/pages\/136","targetHints":{"allow":["GET"]}}],"collection":[{"href":"https:\/\/lamazo.hu\/index.php\/wp-json\/wp\/v2\/pages"}],"about":[{"href":"https:\/\/lamazo.hu\/index.php\/wp-json\/wp\/v2\/types\/page"}],"author":[{"embeddable":true,"href":"https:\/\/lamazo.hu\/index.php\/wp-json\/wp\/v2\/users\/1"}],"replies":[{"embeddable":true,"href":"https:\/\/lamazo.hu\/index.php\/wp-json\/wp\/v2\/comments?post=136"}],"version-history":[{"count":28,"href":"https:\/\/lamazo.hu\/index.php\/wp-json\/wp\/v2\/pages\/136\/revisions"}],"predecessor-version":[{"id":297,"href":"https:\/\/lamazo.hu\/index.php\/wp-json\/wp\/v2\/pages\/136\/revisions\/297"}],"wp:attachment":[{"href":"https:\/\/lamazo.hu\/index.php\/wp-json\/wp\/v2\/media?parent=136"}],"curies":[{"name":"wp","href":"https:\/\/api.w.org\/{rel}","templated":true}]}}