{"id":89,"date":"2021-10-22T07:00:32","date_gmt":"2021-10-22T07:00:32","guid":{"rendered":"https:\/\/lamazo.hu\/?page_id=89"},"modified":"2021-10-22T07:19:59","modified_gmt":"2021-10-22T07:19:59","slug":"vas-es-acelhulladek","status":"publish","type":"page","link":"https:\/\/lamazo.hu\/index.php\/vas-es-acelhulladek\/","title":{"rendered":"Vas- \u00e9s ac\u00e9lhullad\u00e9k"},"content":{"rendered":"\t\t<div data-elementor-type=\"wp-page\" data-elementor-id=\"89\" class=\"elementor elementor-89\" data-elementor-settings=\"[]\">\n\t\t\t\t\t\t\t<div class=\"elementor-section-wrap\">\n\t\t\t\t\t\t\t<section class=\"elementor-section elementor-top-section elementor-element elementor-element-46ee5b7b elementor-section-boxed elementor-section-height-default elementor-section-height-default\" data-id=\"46ee5b7b\" data-element_type=\"section\" data-settings=\"{&quot;background_background&quot;:&quot;classic&quot;}\">\n\t\t\t\t\t\t\t<div class=\"elementor-background-overlay\"><\/div>\n\t\t\t\t\t\t\t<div class=\"elementor-container elementor-column-gap-default\">\n\t\t\t\t\t<div class=\"elementor-column elementor-col-100 elementor-top-column elementor-element elementor-element-2f1223a7\" data-id=\"2f1223a7\" data-element_type=\"column\" data-settings=\"{&quot;background_background&quot;:&quot;classic&quot;}\">\n\t\t\t<div class=\"elementor-widget-wrap elementor-element-populated\">\n\t\t\t\t\t\t\t\t<div class=\"elementor-element elementor-element-c76a55c elementor-widget elementor-widget-heading\" data-id=\"c76a55c\" data-element_type=\"widget\" data-widget_type=\"heading.default\">\n\t\t\t\t<div class=\"elementor-widget-container\">\n\t\t\t<h1 class=\"elementor-heading-title elementor-size-default\">Vas- \u00e9s ac\u00e9lhullad\u00e9k\n<\/h1>\t\t<\/div>\n\t\t\t\t<\/div>\n\t\t\t\t\t<\/div>\n\t\t<\/div>\n\t\t\t\t\t\t\t<\/div>\n\t\t<\/section>\n\t\t\t\t<section class=\"elementor-section elementor-top-section elementor-element elementor-element-6ebffe0a elementor-section-full_width elementor-section-height-default elementor-section-height-default\" data-id=\"6ebffe0a\" data-element_type=\"section\">\n\t\t\t\t\t\t<div class=\"elementor-container elementor-column-gap-no\">\n\t\t\t\t\t<div class=\"elementor-column elementor-col-100 elementor-top-column elementor-element elementor-element-5a146de8\" data-id=\"5a146de8\" data-element_type=\"column\">\n\t\t\t<div class=\"elementor-widget-wrap elementor-element-populated\">\n\t\t\t\t\t\t\t\t<div class=\"elementor-element elementor-element-676a81be elementor-widget elementor-widget-spacer\" data-id=\"676a81be\" data-element_type=\"widget\" data-widget_type=\"spacer.default\">\n\t\t\t\t<div class=\"elementor-widget-container\">\n\t\t\t\t\t<div class=\"elementor-spacer\">\n\t\t\t<div class=\"elementor-spacer-inner\"><\/div>\n\t\t<\/div>\n\t\t\t\t<\/div>\n\t\t\t\t<\/div>\n\t\t\t\t\t<\/div>\n\t\t<\/div>\n\t\t\t\t\t\t\t<\/div>\n\t\t<\/section>\n\t\t\t\t<section class=\"elementor-section elementor-top-section elementor-element elementor-element-24595a07 elementor-section-boxed elementor-section-height-default elementor-section-height-default\" data-id=\"24595a07\" data-element_type=\"section\" data-settings=\"{&quot;background_background&quot;:&quot;classic&quot;}\">\n\t\t\t\t\t\t\t<div class=\"elementor-background-overlay\"><\/div>\n\t\t\t\t\t\t\t<div class=\"elementor-container elementor-column-gap-no\">\n\t\t\t\t\t<div class=\"elementor-column elementor-col-100 elementor-top-column elementor-element elementor-element-26812a32\" data-id=\"26812a32\" data-element_type=\"column\">\n\t\t\t<div class=\"elementor-widget-wrap elementor-element-populated\">\n\t\t\t\t\t\t\t\t<section class=\"elementor-section elementor-inner-section elementor-element elementor-element-27a0feb7 elementor-section-boxed elementor-section-height-default elementor-section-height-default\" data-id=\"27a0feb7\" data-element_type=\"section\">\n\t\t\t\t\t\t<div class=\"elementor-container elementor-column-gap-default\">\n\t\t\t\t\t<div class=\"elementor-column elementor-col-50 elementor-inner-column elementor-element elementor-element-185edbc0\" data-id=\"185edbc0\" data-element_type=\"column\">\n\t\t\t<div class=\"elementor-widget-wrap elementor-element-populated\">\n\t\t\t\t\t\t\t\t<div class=\"elementor-element elementor-element-6d5111f elementor-widget elementor-widget-text-editor\" data-id=\"6d5111f\" data-element_type=\"widget\" data-widget_type=\"text-editor.default\">\n\t\t\t\t<div class=\"elementor-widget-container\">\n\t\t\t\t\t\t\t<p>Vas- \u00e9s ac\u00e9lhullad\u00e9kok k\u00f6zt megk\u00fcl\u00f6nb\u00f6ztet\u00fcnk k\u00f6nny\u0171 \u00e9s neh\u00e9z ac\u00e9lhullad\u00e9kot. A k\u00f6nny\u0171 ac\u00e9lhullad\u00e9k jellemz\u0151je, hogy falvastags\u00e1ga nem \u00e9ri a 6 mm-t. pl 3 mm alatt lemezhullad\u00e9kr\u00f3l besz\u00e9l\u00fcnk, 3-6 mm k\u00f6z\u00f6tt pedig m\u00e1r vashullad\u00e9kr\u00f3l, 6 mm feletti kateg\u00f3ri\u00e1ba pedig m\u00e1r a neh\u00e9zac\u00e9l hullad\u00e9k tartozik.<\/p>\t\t\t\t\t\t<\/div>\n\t\t\t\t<\/div>\n\t\t\t\t\t<\/div>\n\t\t<\/div>\n\t\t\t\t<div class=\"elementor-column elementor-col-50 elementor-inner-column elementor-element elementor-element-32749121\" data-id=\"32749121\" data-element_type=\"column\">\n\t\t\t<div class=\"elementor-widget-wrap elementor-element-populated\">\n\t\t\t\t\t\t\t\t<div class=\"elementor-element elementor-element-67785c40 elementor-icon-list--layout-traditional elementor-list-item-link-full_width elementor-widget elementor-widget-icon-list\" data-id=\"67785c40\" data-element_type=\"widget\" data-widget_type=\"icon-list.default\">\n\t\t\t\t<div class=\"elementor-widget-container\">\n\t\t\t\t\t<ul class=\"elementor-icon-list-items\">\n\t\t\t\t\t\t\t<li class=\"elementor-icon-list-item\">\n\t\t\t\t\t\t\t\t\t\t\t<span class=\"elementor-icon-list-icon\">\n\t\t\t\t\t\t\t<i aria-hidden=\"true\" class=\"fas fa-minus\"><\/i>\t\t\t\t\t\t<\/span>\n\t\t\t\t\t\t\t\t\t\t<span class=\"elementor-icon-list-text\">Laza lemez (1-2 mm)<\/span>\n\t\t\t\t\t\t\t\t\t<\/li>\n\t\t\t\t\t\t\t\t<li class=\"elementor-icon-list-item\">\n\t\t\t\t\t\t\t\t\t\t\t<span class=\"elementor-icon-list-icon\">\n\t\t\t\t\t\t\t<i aria-hidden=\"true\" class=\"fas fa-minus\"><\/i>\t\t\t\t\t\t<\/span>\n\t\t\t\t\t\t\t\t\t\t<span class=\"elementor-icon-list-text\">Ac\u00e9l (3-6 mm)<\/span>\n\t\t\t\t\t\t\t\t\t<\/li>\n\t\t\t\t\t\t\t\t<li class=\"elementor-icon-list-item\">\n\t\t\t\t\t\t\t\t\t\t\t<span class=\"elementor-icon-list-icon\">\n\t\t\t\t\t\t\t<i aria-hidden=\"true\" class=\"fas fa-minus\"><\/i>\t\t\t\t\t\t<\/span>\n\t\t\t\t\t\t\t\t\t\t<span class=\"elementor-icon-list-text\">Gy\u00e1rt\u00e1sk\u00f6zi<\/span>\n\t\t\t\t\t\t\t\t\t<\/li>\n\t\t\t\t\t\t\t\t<li class=\"elementor-icon-list-item\">\n\t\t\t\t\t\t\t\t\t\t\t<span class=\"elementor-icon-list-icon\">\n\t\t\t\t\t\t\t<i aria-hidden=\"true\" class=\"fas fa-minus\"><\/i>\t\t\t\t\t\t<\/span>\n\t\t\t\t\t\t\t\t\t\t<span class=\"elementor-icon-list-text\">Neh\u00e9z ac\u00e9l (+8 mm)<\/span>\n\t\t\t\t\t\t\t\t\t<\/li>\n\t\t\t\t\t\t\t\t<li class=\"elementor-icon-list-item\">\n\t\t\t\t\t\t\t\t\t\t\t<span class=\"elementor-icon-list-icon\">\n\t\t\t\t\t\t\t<i aria-hidden=\"true\" class=\"fas fa-minus\"><\/i>\t\t\t\t\t\t<\/span>\n\t\t\t\t\t\t\t\t\t\t<span class=\"elementor-icon-list-text\">Ac\u00e9lforg\u00e1cs<\/span>\n\t\t\t\t\t\t\t\t\t<\/li>\n\t\t\t\t\t\t\t\t<li class=\"elementor-icon-list-item\">\n\t\t\t\t\t\t\t\t\t\t\t<span class=\"elementor-icon-list-icon\">\n\t\t\t\t\t\t\t<i aria-hidden=\"true\" class=\"fas fa-minus\"><\/i>\t\t\t\t\t\t<\/span>\n\t\t\t\t\t\t\t\t\t\t<span class=\"elementor-icon-list-text\">Vas\u00f6ntv\u00e9ny<\/span>\n\t\t\t\t\t\t\t\t\t<\/li>\n\t\t\t\t\t\t<\/ul>\n\t\t\t\t<\/div>\n\t\t\t\t<\/div>\n\t\t\t\t\t<\/div>\n\t\t<\/div>\n\t\t\t\t\t\t\t<\/div>\n\t\t<\/section>\n\t\t\t\t<div class=\"elementor-element elementor-element-d710d8b elementor-widget elementor-widget-image\" data-id=\"d710d8b\" data-element_type=\"widget\" data-widget_type=\"image.default\">\n\t\t\t\t<div class=\"elementor-widget-container\">\n\t\t\t\t\t\t\t\t\t\t\t\t\t\t\t<img loading=\"lazy\" decoding=\"async\" width=\"2560\" height=\"1901\" src=\"https:\/\/lamazo.hu\/wp-content\/uploads\/2021\/10\/scrap-metal-iron-from-many-things-in-wagons-old-ru-2021-09-04-10-28-51-utc-scaled.jpg\" class=\"attachment-full size-full\" alt=\"\" srcset=\"https:\/\/lamazo.hu\/wp-content\/uploads\/2021\/10\/scrap-metal-iron-from-many-things-in-wagons-old-ru-2021-09-04-10-28-51-utc-scaled.jpg 2560w, https:\/\/lamazo.hu\/wp-content\/uploads\/2021\/10\/scrap-metal-iron-from-many-things-in-wagons-old-ru-2021-09-04-10-28-51-utc-scaled-600x446.jpg 600w, https:\/\/lamazo.hu\/wp-content\/uploads\/2021\/10\/scrap-metal-iron-from-many-things-in-wagons-old-ru-2021-09-04-10-28-51-utc-300x223.jpg 300w, https:\/\/lamazo.hu\/wp-content\/uploads\/2021\/10\/scrap-metal-iron-from-many-things-in-wagons-old-ru-2021-09-04-10-28-51-utc-1024x760.jpg 1024w, https:\/\/lamazo.hu\/wp-content\/uploads\/2021\/10\/scrap-metal-iron-from-many-things-in-wagons-old-ru-2021-09-04-10-28-51-utc-768x570.jpg 768w, https:\/\/lamazo.hu\/wp-content\/uploads\/2021\/10\/scrap-metal-iron-from-many-things-in-wagons-old-ru-2021-09-04-10-28-51-utc-1536x1140.jpg 1536w, https:\/\/lamazo.hu\/wp-content\/uploads\/2021\/10\/scrap-metal-iron-from-many-things-in-wagons-old-ru-2021-09-04-10-28-51-utc-2048x1521.jpg 2048w\" sizes=\"auto, (max-width: 2560px) 100vw, 2560px\" \/>\t\t\t\t\t\t\t\t\t\t\t\t\t\t\t<\/div>\n\t\t\t\t<\/div>\n\t\t\t\t<div class=\"elementor-element elementor-element-8b142e1 elementor-widget elementor-widget-text-editor\" data-id=\"8b142e1\" data-element_type=\"widget\" data-widget_type=\"text-editor.default\">\n\t\t\t\t<div class=\"elementor-widget-container\">\n\t\t\t\t\t\t\t<p>A m\u00e9rete alapj\u00e1n adagolhat\u00f3 \u00e9s nem adagolhat\u00f3 t\u00edpusra szelekt\u00e1ljuk. K\u00e9zi \u00e9s g\u00e9pi feldolgoz\u00e1ssal tov\u00e1bb daraboljuk, amennyiben sz\u00fcks\u00e9ges. K\u00e9zi feldolgoz\u00e1s alatt \u00e9rtj\u00fck a l\u00e1ngv\u00e1g\u00f3val t\u00f6rt\u00e9n\u0151 v\u00e1g\u00e1st. G\u00e9pi feldolgoz\u00e1s eset\u00e9n b\u00e9r oll\u00f3z\u00f3val apr\u00edtjuk, ileltve amennyiben sz\u00fcks\u00e9ges g\u00e9pi t\u00f6r\u00e9st alkalmazunk.<\/p><p>Az adagolhat\u00f3 m\u00e9ret ac\u00e9lhullad\u00e9k eset\u00e9ben 50x50x150 cm.<\/p>\t\t\t\t\t\t<\/div>\n\t\t\t\t<\/div>\n\t\t\t\t\t<\/div>\n\t\t<\/div>\n\t\t\t\t\t\t\t<\/div>\n\t\t<\/section>\n\t\t\t\t\t\t<\/div>\n\t\t\t\t\t<\/div>\n\t\t","protected":false},"excerpt":{"rendered":"<p>Vas- \u00e9s ac\u00e9lhullad\u00e9k Vas- \u00e9s ac\u00e9lhullad\u00e9kok k\u00f6zt megk\u00fcl\u00f6nb\u00f6ztet\u00fcnk k\u00f6nny\u0171 \u00e9s neh\u00e9z ac\u00e9lhullad\u00e9kot. A k\u00f6nny\u0171 ac\u00e9lhullad\u00e9k jellemz\u0151je, hogy falvastags\u00e1ga nem \u00e9ri a 6 mm-t. pl 3 mm alatt lemezhullad\u00e9kr\u00f3l besz\u00e9l\u00fcnk, 3-6 mm k\u00f6z\u00f6tt pedig m\u00e1r vashullad\u00e9kr\u00f3l, 6 mm feletti kateg\u00f3ri\u00e1ba pedig m\u00e1r a neh\u00e9zac\u00e9l hullad\u00e9k tartozik. Laza lemez (1-2 mm) Ac\u00e9l (3-6 mm) Gy\u00e1rt\u00e1sk\u00f6zi Neh\u00e9z ac\u00e9l [&hellip;]<\/p>\n","protected":false},"author":1,"featured_media":0,"parent":0,"menu_order":0,"comment_status":"closed","ping_status":"closed","template":"elementor_header_footer","meta":{"footnotes":""},"class_list":["post-89","page","type-page","status-publish","hentry","entry","owp-thumbs-layout-horizontal","owp-btn-normal","owp-tabs-layout-horizontal","has-no-thumbnails","has-product-nav"],"_links":{"self":[{"href":"https:\/\/lamazo.hu\/index.php\/wp-json\/wp\/v2\/pages\/89","targetHints":{"allow":["GET"]}}],"collection":[{"href":"https:\/\/lamazo.hu\/index.php\/wp-json\/wp\/v2\/pages"}],"about":[{"href":"https:\/\/lamazo.hu\/index.php\/wp-json\/wp\/v2\/types\/page"}],"author":[{"embeddable":true,"href":"https:\/\/lamazo.hu\/index.php\/wp-json\/wp\/v2\/users\/1"}],"replies":[{"embeddable":true,"href":"https:\/\/lamazo.hu\/index.php\/wp-json\/wp\/v2\/comments?post=89"}],"version-history":[{"count":4,"href":"https:\/\/lamazo.hu\/index.php\/wp-json\/wp\/v2\/pages\/89\/revisions"}],"predecessor-version":[{"id":96,"href":"https:\/\/lamazo.hu\/index.php\/wp-json\/wp\/v2\/pages\/89\/revisions\/96"}],"wp:attachment":[{"href":"https:\/\/lamazo.hu\/index.php\/wp-json\/wp\/v2\/media?parent=89"}],"curies":[{"name":"wp","href":"https:\/\/api.w.org\/{rel}","templated":true}]}}